{"id":2975,"date":"2018-10-26T11:43:00","date_gmt":"2018-10-26T10:43:00","guid":{"rendered":"https:\/\/portobellohotel.testingcreative.co.uk\/front-page-2\/"},"modified":"2025-04-15T14:28:56","modified_gmt":"2025-04-15T13:28:56","slug":"front-page-2","status":"publish","type":"page","link":"https:\/\/www.portobellohotel.com\/fr\/","title":{"rendered":"Front page FR"},"content":{"rendered":"<div id=\"pl-2975\"  class=\"panel-layout\" ><div id=\"pg-2975-0\"  class=\"panel-grid panel-has-style\" ><div class=\"c-row--valign-default c-row--widget-default c-row--margin-none c-row--column-none c-row--style-fixed siteorigin-panels-stretch panel-row-style panel-row-style-for-2975-0\" data-stretch-type=\"full-width-stretch\" ><div id=\"pgc-2975-0-0\"  class=\"panel-grid-cell\" ><div id=\"panel-2975-0-0-0\" class=\"so-panel widget widget_cn-core-static-menu-widget panel-first-child panel-last-child\" data-index=\"0\" ><div\n\t\t\t\n\t\t\tclass=\"so-widget-cn-core-static-menu-widget so-widget-cn-core-static-menu-widget-base\"\n\t\t\t\n\t\t>\n<nav class=\"c-ancestors \">\n  <h4 class=\"c-ancestors__heading\"><\/h4>\n\n  <ul class=\"menu\">\n\n                <li class=\"c-ancestors__page \/ menu__item \">\n        <a  class=\"c-button  no-variation\" href=\"https:\/\/www.portobellohotel.com\/rooms\/\">\n    Chambres<\/a>\n\n\n\n              <\/li>\n                <li class=\"c-ancestors__page \/ menu__item \">\n        <a  class=\"c-button  no-variation\" href=\"https:\/\/www.portobellohotel.com\/are-you-curious\/\">\n    \u00cates-vous curieux?<\/a>\n\n\n\n              <\/li>\n                <li class=\"c-ancestors__page \/ menu__item \">\n        <a  class=\"c-button  no-variation\" href=\"https:\/\/www.portobellohotel.com\/are-you-curious\/food-drink\/\">\n    Alimentation et Boissons<\/a>\n\n\n\n              <\/li>\n                <li class=\"c-ancestors__page \/ menu__item \">\n        <a  class=\"c-button  no-variation\" href=\"https:\/\/www.portobellohotel.com\/gallery\/\">\n    Galerie<\/a>\n\n\n\n              <\/li>\n                <li class=\"c-ancestors__page \/ menu__item \">\n        <a  class=\"c-button  no-variation\" href=\"https:\/\/www.portobellohotel.com\/green-spring\/\">\n    Green &amp; Spring<\/a>\n\n\n\n              <\/li>\n                <li class=\"c-ancestors__page \/ menu__item \">\n        <a  class=\"c-button  no-variation\" href=\"https:\/\/www.portobellohotel.com\/contact-directions\/\">\n    Contact &amp; Itin\u00e9raire<\/a>\n\n\n\n              <\/li>\n      <\/ul>\n\n<\/nav>\n<\/div><\/div><\/div><\/div><\/div><div id=\"pg-2975-1\"  class=\"panel-grid panel-has-style\" ><div class=\"c-row--valign-default c-row--widget-default c-row--margin-default c-row--column-none siteorigin-panels-stretch panel-row-style panel-row-style-for-2975-1\" data-stretch-type=\"full-width-stretch\" ><div id=\"pgc-2975-1-0\"  class=\"panel-grid-cell\" ><div id=\"panel-2975-1-0-0\" class=\"so-panel widget widget_cn-core-hero-widget panel-first-child panel-last-child\" data-index=\"1\" ><div\n\t\t\t\n\t\t\tclass=\"so-widget-cn-core-hero-widget so-widget-cn-core-hero-widget-base\"\n\t\t\t\n\t\t><section class=\"c-hero no-variation\">\n    <div class=\"c-hero__inner\">\n        \n        <div class=\"c-hero__content\">\n\n                            <h1 class=\"c-hero__heading\">\n                    Bienvenue \u00e0                <\/h1>\n            \n                            <p class=\"c-hero__subheading\">\n                    Portobello Hotel                <\/p>\n                            <div class=\"s-entry \/ c-hero__text\">\n                    <p>\n                        Un h\u00f4tel-boutique boh\u00e8me, nich\u00e9 dans un coin verdoyant de Notting Hill                    <\/p>\n                <\/div>\n                    <\/div>\n\n        \n        <div class=\"c-hero__buttons\">\n\n            <a class=\"c-button  no-variation\" target=\"_blank\" href=\"https:\/\/direct-book.com\/properties\/PortobelloHotelDirect\" rel=\"noopener\">\n    R\u00e9servez votre escapade<\/a>\n\n\n\n        <\/div>\n\n        \n    <\/div>\n\n\n\n    \n    \n    \n            <ol\n    class=\"c-hero__backgrounds\"\n    data-element-cycle-interval=\"4000\"\n>\n    <li>\n        <div data-src=\"https:\/\/hotelcms-production.imgix.net\/portobellohotel.com\/wp-content\/uploads\/2023\/11\/23_10_PORTOBELLO_HIRES_3.jpg\" data-crop=\"manual\" class=\"imgix-fluid  crop  c-hero__background\" data-focus-horizontal=\"50\" data-focus-vertical=\"45\"><\/div><noscript><div style=\"background-image: url(https:\/\/hotelcms-production.imgix.net\/portobellohotel.com\/wp-content\/uploads\/2023\/11\/23_10_PORTOBELLO_HIRES_3.jpg);\" class=\"crop  c-hero__background\" ><\/div><\/noscript>    <\/li>\n\n            <li>\n            <div data-src=\"https:\/\/hotelcms-production.imgix.net\/portobellohotel.com\/wp-content\/uploads\/2022\/07\/Marvellous-Room-5.jpg\" data-crop=\"manual\" class=\"imgix-fluid  crop  c-hero__background\" data-focus-horizontal=\"50\" data-focus-vertical=\"60\"><\/div><noscript><div style=\"background-image: url(https:\/\/hotelcms-production.imgix.net\/portobellohotel.com\/wp-content\/uploads\/2022\/07\/Marvellous-Room-5.jpg);\" class=\"crop  c-hero__background\" ><\/div><\/noscript>        <\/li>\n            <li>\n            <div data-src=\"https:\/\/hotelcms-production.imgix.net\/portobellohotel.com\/wp-content\/uploads\/2024\/06\/24_4_PORTOBELLO_HIRES_2.jpg\" data-crop=\"manual\" class=\"imgix-fluid  crop  c-hero__background\" data-focus-horizontal=\"50\" data-focus-vertical=\"65\"><\/div><noscript><div style=\"background-image: url(https:\/\/hotelcms-production.imgix.net\/portobellohotel.com\/wp-content\/uploads\/2024\/06\/24_4_PORTOBELLO_HIRES_2.jpg);\" class=\"crop  c-hero__background\" ><\/div><\/noscript>        <\/li>\n            <li>\n            <div data-src=\"https:\/\/hotelcms-production.imgix.net\/portobellohotel.com\/wp-content\/uploads\/2023\/11\/23_10_PORTOBELLO_HIRES_37.jpg\" data-crop=\"manual\" class=\"imgix-fluid  crop  c-hero__background\" data-focus-horizontal=\"50\" data-focus-vertical=\"60\"><\/div><noscript><div style=\"background-image: url(https:\/\/hotelcms-production.imgix.net\/portobellohotel.com\/wp-content\/uploads\/2023\/11\/23_10_PORTOBELLO_HIRES_37.jpg);\" class=\"crop  c-hero__background\" ><\/div><\/noscript>        <\/li>\n            <li>\n            <div data-src=\"https:\/\/hotelcms-production.imgix.net\/portobellohotel.com\/wp-content\/uploads\/2023\/02\/MAIN-LEADING-IMAGE.jpg\" data-crop=\"\" class=\"imgix-fluid  crop  c-hero__background\"><\/div><noscript><div style=\"background-image: url(https:\/\/hotelcms-production.imgix.net\/portobellohotel.com\/wp-content\/uploads\/2023\/02\/MAIN-LEADING-IMAGE.jpg);\" class=\"crop  c-hero__background\" ><\/div><\/noscript>        <\/li>\n            <li>\n            <div data-src=\"https:\/\/hotelcms-production.imgix.net\/portobellohotel.com\/wp-content\/uploads\/2023\/01\/PORTOBELLO_ROOMS_3.jpg\" data-crop=\"\" class=\"imgix-fluid  crop  c-hero__background\"><\/div><noscript><div style=\"background-image: url(https:\/\/hotelcms-production.imgix.net\/portobellohotel.com\/wp-content\/uploads\/2023\/01\/PORTOBELLO_ROOMS_3.jpg);\" class=\"crop  c-hero__background\" ><\/div><\/noscript>        <\/li>\n    <\/ol>    \n    <\/section>\n<\/div><\/div><\/div><\/div><\/div><div id=\"pg-2975-2\"  class=\"panel-grid panel-has-style\" ><div class=\"c-row--valign-middle c-row--widget-default c-row--margin-default c-row--column-large panel-row-style panel-row-style-for-2975-2\" ><div id=\"pgc-2975-2-0\"  class=\"panel-grid-cell\" ><div id=\"panel-2975-2-0-0\" class=\"so-panel widget widget_cn-core-heading-widget panel-first-child panel-last-child\" data-index=\"2\" ><div\n\t\t\t\n\t\t\tclass=\"so-widget-cn-core-heading-widget so-widget-cn-core-heading-widget-base\"\n\t\t\t\n\t\t><div class=\"c-heading  c-heading--left\">\n    \n            <h2 class=\"c-heading__heading \">\n            Situ\u00e9 dans une rue calme du centre de  <em> Notting Hill<\/em> dans l'ouest de Londres, l'h\u00f4tel Portobello est r\u00e9put\u00e9 pour son esprit \u00e9clectique et son charme excentrique.        <\/h2>\n    \n    <\/div>\n<\/div><\/div><\/div><div id=\"pgc-2975-2-1\"  class=\"panel-grid-cell\" ><div id=\"panel-2975-2-1-0\" class=\"so-panel widget widget_cn-core-text-widget panel-first-child panel-last-child\" data-index=\"3\" ><div\n\t\t\t\n\t\t\tclass=\"so-widget-cn-core-text-widget so-widget-cn-core-text-widget-base\"\n\t\t\t\n\t\t>\n<div class=\"c-text no-variation\" >\n\n    \n    \n    \n    <div class=\"c-text__content s-entry\">\n        <p>L'h\u00f4tel Portobello est un luxueux h\u00f4tel-boutique, dont les int\u00e9rieurs c\u00e9l\u00e8brent l'esprit boh\u00e8me de Notting Hill et du march\u00e9 de Portobello Road. Chaque chambre est unique et pr\u00e9sente un style R\u00e9gence avec une touche Curious Hotels.<\/p>\n<p>Dans le salon, vous trouverez \u00e9galement notre bar en libre-service, qui propose bien s\u00fbr du gin Portobello Road et bien d'autres boissons, parfaites pour prendre un verre avant de partir en ville ou un dernier verre avant de se coucher.<\/p>\n<p>L'un des h\u00f4tels-boutiques de luxe les plus connus de Londres, il a \u00e9t\u00e9 fond\u00e9 en 1971 et est depuis devenu l'h\u00f4tel incontournable des personnalit\u00e9s du monde de la musique, du show-business et de la mode. Il a accueilli de nombreuses c\u00e9l\u00e9brit\u00e9s au fil des ans.<\/p>\n    <\/div>\n\n<\/div>\n<\/div><\/div><\/div><\/div><\/div><div id=\"pg-2975-3\"  class=\"panel-grid panel-has-style\" ><div class=\"c-row--valign-default c-row--widget-default c-row--margin-none c-row--column-default panel-row-style panel-row-style-for-2975-3\" ><div id=\"pgc-2975-3-0\"  class=\"panel-grid-cell\" ><div id=\"panel-2975-3-0-0\" class=\"so-panel widget widget_cn-core-cta-widget panel-first-child panel-last-child\" data-index=\"4\" ><div\n\t\t\t\n\t\t\tclass=\"so-widget-cn-core-cta-widget so-widget-cn-core-cta-widget-base\"\n\t\t\t\n\t\t><div class=\"c-cta c-cta--layout-tile c-cta--tile-rooms--medium has-background\">\n\n    <div class=\"c-cta__content\">\n\n        <div class=\"c-cta__inner\">\n\n                            <a href=\"https:\/\/www.portobellohotel.com\/fr\/rooms\/\" class=\"c-cta__anchor\">\n            \n            \n            \n            \n                <div class=\"c-cta__headings\">\n\n                \n                                    <h2 class=\"c-cta__heading\">\n                        Chambres                    <\/h2>\n                \n                \n                <\/div>\n\n            \n            \n                            <\/a>\n            \n            \n            \n            \n                    <\/div>\n\n    <\/div>\n\n    \n            <div data-src=\"https:\/\/hotelcms-production.imgix.net\/portobellohotel.com\/wp-content\/uploads\/2023\/01\/PORTOBELLO_ROOMS_3.jpg\" data-crop=\"\" class=\"imgix-fluid  crop \/ c-background c-cta__background\"><\/div><noscript><div style=\"background-image: url(https:\/\/hotelcms-production.imgix.net\/portobellohotel.com\/wp-content\/uploads\/2023\/01\/PORTOBELLO_ROOMS_3.jpg);\" class=\"crop \/ c-background c-cta__background\" ><\/div><\/noscript>    \n            <a href=\"https:\/\/www.portobellohotel.com\/fr\/rooms\/\" class=\"c-cta__detached-anchor\"><\/a>\n    \n<\/div>\n\n<\/div><\/div><\/div><div id=\"pgc-2975-3-1\"  class=\"panel-grid-cell\" ><div id=\"panel-2975-3-1-0\" class=\"so-panel widget widget_cn-core-cta-widget panel-first-child panel-last-child\" data-index=\"5\" ><div\n\t\t\t\n\t\t\tclass=\"so-widget-cn-core-cta-widget so-widget-cn-core-cta-widget-base\"\n\t\t\t\n\t\t><div class=\"c-cta c-cta--layout-tile c-cta--tile-rooms--medium has-background\">\n\n    <div class=\"c-cta__content\">\n\n        <div class=\"c-cta__inner\">\n\n                            <a href=\"https:\/\/www.portobellohotel.com\/fr\/are-you-curious\/\" class=\"c-cta__anchor\">\n            \n            \n            \n            \n                <div class=\"c-cta__headings\">\n\n                \n                                    <h2 class=\"c-cta__heading\">\n                        \u00cates-vous curieux ?                    <\/h2>\n                \n                \n                <\/div>\n\n            \n            \n                            <\/a>\n            \n            \n            \n            \n                    <\/div>\n\n    <\/div>\n\n    \n            <div data-src=\"https:\/\/hotelcms-production.imgix.net\/portobellohotel.com\/wp-content\/uploads\/2022\/11\/Portobello_LoRes15.jpg\" data-crop=\"manual\" class=\"imgix-fluid  crop \/ c-background c-cta__background\" data-focus-horizontal=\"60\" data-focus-vertical=\"50\"><\/div><noscript><div style=\"background-image: url(https:\/\/hotelcms-production.imgix.net\/portobellohotel.com\/wp-content\/uploads\/2022\/11\/Portobello_LoRes15.jpg);\" class=\"crop \/ c-background c-cta__background\" ><\/div><\/noscript>    \n            <a href=\"https:\/\/www.portobellohotel.com\/fr\/are-you-curious\/\" class=\"c-cta__detached-anchor\"><\/a>\n    \n<\/div>\n\n<\/div><\/div><\/div><\/div><\/div><div id=\"pg-2975-4\"  class=\"panel-grid panel-has-style\" ><div class=\"c-row--valign-default c-row--widget-default c-row--margin-none c-row--column-default panel-row-style panel-row-style-for-2975-4\" ><div id=\"pgc-2975-4-0\"  class=\"panel-grid-cell\" ><div id=\"panel-2975-4-0-0\" class=\"so-panel widget widget_cn-core-cta-widget panel-first-child panel-last-child\" data-index=\"6\" ><div\n\t\t\t\n\t\t\tclass=\"so-widget-cn-core-cta-widget so-widget-cn-core-cta-widget-base\"\n\t\t\t\n\t\t><div class=\"c-cta c-cta--layout-tile c-cta--tile-rooms--medium has-background\">\n\n    <div class=\"c-cta__content\">\n\n        <div class=\"c-cta__inner\">\n\n                            <a href=\"https:\/\/www.portobellohotel.com\/fr\/are-you-curious\/food-drink\/\" class=\"c-cta__anchor\">\n            \n            \n            \n            \n                <div class=\"c-cta__headings\">\n\n                \n                                    <h2 class=\"c-cta__heading\">\n                        Alimentation et Boissons                    <\/h2>\n                \n                \n                <\/div>\n\n            \n            \n                            <\/a>\n            \n            \n            \n            \n                    <\/div>\n\n    <\/div>\n\n    \n            <div data-src=\"https:\/\/hotelcms-production.imgix.net\/portobellohotel.com\/wp-content\/uploads\/2018\/12\/Portobello_SP_6188.jpg\" data-crop=\"\" class=\"imgix-fluid  crop \/ c-background c-cta__background\"><\/div><noscript><div style=\"background-image: url(https:\/\/hotelcms-production.imgix.net\/portobellohotel.com\/wp-content\/uploads\/2018\/12\/Portobello_SP_6188.jpg);\" class=\"crop \/ c-background c-cta__background\" ><\/div><\/noscript>    \n            <a href=\"https:\/\/www.portobellohotel.com\/fr\/are-you-curious\/food-drink\/\" class=\"c-cta__detached-anchor\"><\/a>\n    \n<\/div>\n\n<\/div><\/div><\/div><div id=\"pgc-2975-4-1\"  class=\"panel-grid-cell\" ><div id=\"panel-2975-4-1-0\" class=\"so-panel widget widget_cn-core-cta-widget panel-first-child panel-last-child\" data-index=\"7\" ><div\n\t\t\t\n\t\t\tclass=\"so-widget-cn-core-cta-widget so-widget-cn-core-cta-widget-base\"\n\t\t\t\n\t\t><div class=\"c-cta c-cta--layout-tile c-cta--tile-rooms--medium has-background\">\n\n    <div class=\"c-cta__content\">\n\n        <div class=\"c-cta__inner\">\n\n                            <a href=\"https:\/\/www.portobellohotel.com\/fr\/green-spring\/\" class=\"c-cta__anchor\">\n            \n            \n            \n            \n                <div class=\"c-cta__headings\">\n\n                \n                                    <h2 class=\"c-cta__heading\">\n                        Green &amp; Spring                    <\/h2>\n                \n                \n                <\/div>\n\n            \n            \n                            <\/a>\n            \n            \n            \n            \n                    <\/div>\n\n    <\/div>\n\n    \n            <div data-src=\"https:\/\/hotelcms-production.imgix.net\/portobellohotel.com\/wp-content\/uploads\/2023\/11\/IMG_9685.jpg\" data-crop=\"\" class=\"imgix-fluid  crop \/ c-background c-cta__background\"><\/div><noscript><div style=\"background-image: url(https:\/\/hotelcms-production.imgix.net\/portobellohotel.com\/wp-content\/uploads\/2023\/11\/IMG_9685.jpg);\" class=\"crop \/ c-background c-cta__background\" ><\/div><\/noscript>    \n            <a href=\"https:\/\/www.portobellohotel.com\/fr\/green-spring\/\" class=\"c-cta__detached-anchor\"><\/a>\n    \n<\/div>\n\n<\/div><\/div><\/div><\/div><\/div><div id=\"pg-2975-5\"  class=\"panel-grid panel-has-style\" ><div class=\"c-row--valign-default c-row--widget-default c-row--margin-none c-row--column-default panel-row-style panel-row-style-for-2975-5\" ><div id=\"pgc-2975-5-0\"  class=\"panel-grid-cell\" ><div id=\"panel-2975-5-0-0\" class=\"so-panel widget widget_cn-core-cta-widget panel-first-child panel-last-child\" data-index=\"8\" ><div\n\t\t\t\n\t\t\tclass=\"so-widget-cn-core-cta-widget so-widget-cn-core-cta-widget-base\"\n\t\t\t\n\t\t><div class=\"c-cta c-cta--layout-tile c-cta--tile-rooms--medium has-background\">\n\n    <div class=\"c-cta__content\">\n\n        <div class=\"c-cta__inner\">\n\n                            <a href=\"https:\/\/www.portobellohotel.com\/fr\/gallery\/\" class=\"c-cta__anchor\">\n            \n            \n            \n            \n                <div class=\"c-cta__headings\">\n\n                \n                                    <h2 class=\"c-cta__heading\">\n                        Galerie                    <\/h2>\n                \n                \n                <\/div>\n\n            \n            \n                            <\/a>\n            \n            \n            \n            \n                    <\/div>\n\n    <\/div>\n\n    \n            <div data-src=\"https:\/\/hotelcms-production.imgix.net\/portobellohotel.com\/wp-content\/uploads\/2022\/02\/The-Portobello-LO-RES19.jpg\" data-crop=\"\" class=\"imgix-fluid  crop \/ c-background c-cta__background\"><\/div><noscript><div style=\"background-image: url(https:\/\/hotelcms-production.imgix.net\/portobellohotel.com\/wp-content\/uploads\/2022\/02\/The-Portobello-LO-RES19.jpg);\" class=\"crop \/ c-background c-cta__background\" ><\/div><\/noscript>    \n            <a href=\"https:\/\/www.portobellohotel.com\/fr\/gallery\/\" class=\"c-cta__detached-anchor\"><\/a>\n    \n<\/div>\n\n<\/div><\/div><\/div><div id=\"pgc-2975-5-1\"  class=\"panel-grid-cell\" ><div id=\"panel-2975-5-1-0\" class=\"so-panel widget widget_cn-core-cta-widget panel-first-child panel-last-child\" data-index=\"9\" ><div\n\t\t\t\n\t\t\tclass=\"so-widget-cn-core-cta-widget so-widget-cn-core-cta-widget-base\"\n\t\t\t\n\t\t><div class=\"c-cta c-cta--layout-tile c-cta--tile-rooms--medium has-background\">\n\n    <div class=\"c-cta__content\">\n\n        <div class=\"c-cta__inner\">\n\n                            <a href=\"https:\/\/www.portobellohotel.com\/fr\/contact-directions\/\" class=\"c-cta__anchor\">\n            \n            \n            \n            \n                <div class=\"c-cta__headings\">\n\n                \n                                    <h2 class=\"c-cta__heading\">\n                        Contact &amp; Itin\u00e9raire                    <\/h2>\n                \n                \n                <\/div>\n\n            \n            \n                            <\/a>\n            \n            \n            \n            \n                    <\/div>\n\n    <\/div>\n\n    \n            <div data-src=\"https:\/\/hotelcms-production.imgix.net\/portobellohotel.com\/wp-content\/uploads\/2018\/12\/Portobello_SP_6021.jpg\" data-crop=\"\" class=\"imgix-fluid  crop \/ c-background c-cta__background\"><\/div><noscript><div style=\"background-image: url(https:\/\/hotelcms-production.imgix.net\/portobellohotel.com\/wp-content\/uploads\/2018\/12\/Portobello_SP_6021.jpg);\" class=\"crop \/ c-background c-cta__background\" ><\/div><\/noscript>    \n            <a href=\"https:\/\/www.portobellohotel.com\/fr\/contact-directions\/\" class=\"c-cta__detached-anchor\"><\/a>\n    \n<\/div>\n\n<\/div><\/div><\/div><\/div><\/div><div id=\"pg-2975-6\"  class=\"panel-grid panel-has-style\" ><div class=\"c-row--valign-default c-row--widget-default c-row--margin-none c-row--column-default siteorigin-panels-stretch panel-row-style panel-row-style-for-2975-6\" data-stretch-type=\"full-width-stretch\" ><div id=\"pgc-2975-6-0\"  class=\"panel-grid-cell\" ><div id=\"panel-2975-6-0-0\" class=\"so-panel widget widget_cn-core-map-widget panel-first-child panel-last-child\" data-index=\"10\" ><div\n\t\t\t\n\t\t\tclass=\"so-widget-cn-core-map-widget so-widget-cn-core-map-widget-base\"\n\t\t\t\n\t\t>\n<div class=\"c-map c-map--thin  \">\n\n    <iframe loading=\"lazy\"\n        class=\"c-map__iframe\"\n        width=\"600\"\n        height=\"450\"\n        frameborder=\"0\" style=\"border:0\"\n        src=\"https:\/\/www.google.com\/maps\/embed\/v1\/place?key=AIzaSyAfMifd1m0_iCbERIGYMhBEREygWhvqzsw&q=51.51230959253573%2C+-0.20346764538103185&zoom=17\">\n    <\/iframe>\n\n    \n<\/div>\n<\/div><\/div><\/div><\/div><\/div><\/div>","protected":false},"excerpt":{"rendered":"<p>Chambres \u00cates-vous curieux? Alimentation et Boissons Galerie Green &amp; Spring Contact &amp; Itin\u00e9raire Bienvenue \u00e0 Portobello Hotel Un h\u00f4tel-boutique boh\u00e8me, nich\u00e9 dans un coin verdoyant de Notting Hill R\u00e9servez votre escapade Situ\u00e9 dans une rue calme du centre de Notting Hill dans l&#8217;ouest de Londres, l&#8217;h\u00f4tel Portobello est r\u00e9put\u00e9 pour son esprit \u00e9clectique et son &hellip;<\/p>\n","protected":false},"author":1,"featured_media":2536,"parent":0,"menu_order":0,"comment_status":"closed","ping_status":"closed","template":"","meta":{"_acf_changed":false,"footnotes":""},"class_list":["post--2975","post--page","post--type-page","post--status-publish","post--has-post-thumbnail","post--hentry"],"acf":[],"_links":{"self":[{"href":"https:\/\/www.portobellohotel.com\/fr\/wp-json\/wp\/v2\/pages\/2975","targetHints":{"allow":["GET"]}}],"collection":[{"href":"https:\/\/www.portobellohotel.com\/fr\/wp-json\/wp\/v2\/pages"}],"about":[{"href":"https:\/\/www.portobellohotel.com\/fr\/wp-json\/wp\/v2\/types\/page"}],"author":[{"embeddable":true,"href":"https:\/\/www.portobellohotel.com\/fr\/wp-json\/wp\/v2\/users\/1"}],"replies":[{"embeddable":true,"href":"https:\/\/www.portobellohotel.com\/fr\/wp-json\/wp\/v2\/comments?post=2975"}],"version-history":[{"count":5,"href":"https:\/\/www.portobellohotel.com\/fr\/wp-json\/wp\/v2\/pages\/2975\/revisions"}],"predecessor-version":[{"id":3277,"href":"https:\/\/www.portobellohotel.com\/fr\/wp-json\/wp\/v2\/pages\/2975\/revisions\/3277"}],"wp:featuredmedia":[{"embeddable":true,"href":"https:\/\/www.portobellohotel.com\/fr\/wp-json\/wp\/v2\/media\/2536"}],"wp:attachment":[{"href":"https:\/\/www.portobellohotel.com\/fr\/wp-json\/wp\/v2\/media?parent=2975"}],"curies":[{"name":"wp","href":"https:\/\/api.w.org\/{rel}","templated":true}]}}