{"id":2979,"date":"2019-01-18T16:04:00","date_gmt":"2019-01-18T16:04:00","guid":{"rendered":"https:\/\/portobellohotel.testingcreative.co.uk\/are-you-curious\/our-neighbourhood\/"},"modified":"2025-03-05T12:23:47","modified_gmt":"2025-03-05T12:23:47","slug":"our-neighbourhood","status":"publish","type":"page","link":"https:\/\/www.portobellohotel.com\/fr\/are-you-curious\/our-neighbourhood\/","title":{"rendered":"Our Neighbourhood FR"},"content":{"rendered":"<div id=\"pl-2979\"  class=\"panel-layout\" ><div id=\"pg-2979-0\"  class=\"panel-grid panel-has-style\" ><div class=\"c-row--valign-default c-row--widget-default c-row--margin-none c-row--column-none c-row--style-fixed siteorigin-panels-stretch panel-row-style panel-row-style-for-2979-0\" data-stretch-type=\"full-width-stretch\" ><div id=\"pgc-2979-0-0\"  class=\"panel-grid-cell\" ><div id=\"panel-2979-0-0-0\" class=\"so-panel widget widget_cn-core-static-menu-widget panel-first-child panel-last-child\" data-index=\"0\" ><div\n\t\t\t\n\t\t\tclass=\"so-widget-cn-core-static-menu-widget so-widget-cn-core-static-menu-widget-base\"\n\t\t\t\n\t\t>\n<nav class=\"c-ancestors \">\n  <h4 class=\"c-ancestors__heading\"><\/h4>\n\n  <ul class=\"menu\">\n\n                <li class=\"c-ancestors__page \/ menu__item \">\n        <a  class=\"c-button  no-variation\" href=\"https:\/\/www.portobellohotel.com\/are-you-curious\/\">\n    Vous \u00eates curieux ?<\/a>\n\n\n\n              <\/li>\n                <li class=\"c-ancestors__page \/ menu__item \">\n        <a  class=\"c-button  no-variation\" href=\"https:\/\/www.portobellohotel.com\/are-you-curious\/design\/\">\n    Design<\/a>\n\n\n\n              <\/li>\n                <li class=\"c-ancestors__page \/ menu__item \">\n        <a  class=\"c-button  no-variation\" href=\"https:\/\/www.portobellohotel.com\/are-you-curious\/food-drink\/\">\n    Alimentation et boissons<\/a>\n\n\n\n              <\/li>\n                <li class=\"c-ancestors__page \/ menu__item \">\n        <a  class=\"c-button  no-variation\" href=\"https:\/\/www.portobellohotel.com\/are-you-curious\/get-curious-members\/\">\n    Membre Get Curious<\/a>\n\n\n\n              <\/li>\n      <\/ul>\n\n<\/nav>\n<\/div><\/div><\/div><\/div><\/div><div id=\"pg-2979-1\"  class=\"panel-grid panel-has-style\" ><div class=\"c-row--valign-default c-row--widget-none c-row--margin-small c-row--column-none siteorigin-panels-stretch panel-row-style panel-row-style-for-2979-1\" data-stretch-type=\"full-width-stretch\" ><div id=\"pgc-2979-1-0\"  class=\"panel-grid-cell\" ><div id=\"panel-2979-1-0-0\" class=\"so-panel widget widget_cn-core-hero-widget panel-first-child panel-last-child\" data-index=\"1\" ><div\n\t\t\t\n\t\t\tclass=\"so-widget-cn-core-hero-widget so-widget-cn-core-hero-widget-base\"\n\t\t\t\n\t\t><section class=\"c-hero c-hero--short\">\n    <div class=\"c-hero__inner\">\n        \n        <div class=\"c-hero__content\">\n\n                            <h1 class=\"c-hero__heading\">\n                    Shopping et restaurants \u00e0 Notting Hill                <\/h1>\n            \n                            <p class=\"c-hero__subheading\">\n                    Notre quartier                <\/p>\n                    <\/div>\n\n        \n    <\/div>\n\n\n\n    \n    \n    <div data-src=\"https:\/\/hotelcms-production.imgix.net\/portobellohotel.com\/wp-content\/uploads\/2018\/12\/Portobello_SP_5915.jpg\" data-crop=\"\" class=\"imgix-fluid  crop \/ c-hero__background\"><\/div><noscript><div style=\"background-image: url(https:\/\/hotelcms-production.imgix.net\/portobellohotel.com\/wp-content\/uploads\/2018\/12\/Portobello_SP_5915.jpg);\" class=\"crop \/ c-hero__background\" ><\/div><\/noscript>\n    \n    <\/section>\n<\/div><\/div><\/div><\/div><\/div><div id=\"pg-2979-2\"  class=\"panel-grid panel-has-style\" ><div class=\"c-row--valign-default c-row--widget-none c-row--margin-default c-row--column-default panel-row-style panel-row-style-for-2979-2\" ><div id=\"pgc-2979-2-0\"  class=\"panel-grid-cell\" ><div id=\"panel-2979-2-0-0\" class=\"so-panel widget widget_cn-core-cta-widget panel-first-child panel-last-child\" data-index=\"2\" ><div\n\t\t\t\n\t\t\tclass=\"so-widget-cn-core-cta-widget so-widget-cn-core-cta-widget-base\"\n\t\t\t\n\t\t><div class=\"c-cta c-cta--layout-image-right no-variation has-background\">\n\n    <div class=\"c-cta__content\">\n\n        <div class=\"c-cta__inner\">\n\n            \n            \n            \n            \n                <div class=\"c-cta__headings\">\n\n                \n                                    <h2 class=\"c-cta__heading\">\n                        Le guide de l'initi\u00e9                    <\/h2>\n                \n                \n                <\/div>\n\n            \n            \n            \n                            <div class=\"c-cta__text \/ s-entry\">\n                    <p>Nos h\u00f4tels sont tous solidement ancr\u00e9s dans leurs quartiers et leurs communaut\u00e9s, et The Portobello ne fait pas exception. En tant que client de The Portobello, vous recevrez notre \u00ab Guide de l'initi\u00e9 \u00bb de Notting Hill, l'une des adresses les plus c\u00e9l\u00e8bres de Londres, qui vous permettra de profiter des meilleures exp\u00e9riences et bien s\u00fbr des avantages.<\/p>\n                <\/div>\n            \n            \n            \n                    <\/div>\n\n    <\/div>\n\n    \n            <div data-src=\"https:\/\/hotelcms-production.imgix.net\/portobellohotel.com\/wp-content\/uploads\/2019\/01\/Portobello-Hotel-\u00a9-Amy-Murrell-2013-54.jpg\" data-crop=\"\" class=\"imgix-fluid  crop \/ c-background c-cta__background\"><\/div><noscript><div style=\"background-image: url(https:\/\/hotelcms-production.imgix.net\/portobellohotel.com\/wp-content\/uploads\/2019\/01\/Portobello-Hotel-\u00a9-Amy-Murrell-2013-54.jpg);\" class=\"crop \/ c-background c-cta__background\" ><\/div><\/noscript>    \n    \n<\/div>\n\n<\/div><\/div><\/div><\/div><\/div><div id=\"pg-2979-3\"  class=\"panel-grid panel-has-style\" ><div class=\"c-row--valign-default c-row--widget-none c-row--margin-default c-row--column-default panel-row-style panel-row-style-for-2979-3\" ><div id=\"pgc-2979-3-0\"  class=\"panel-grid-cell\" ><div id=\"panel-2979-3-0-0\" class=\"so-panel widget widget_cn-core-cta-widget panel-first-child panel-last-child\" data-index=\"3\" ><div\n\t\t\t\n\t\t\tclass=\"so-widget-cn-core-cta-widget so-widget-cn-core-cta-widget-base\"\n\t\t\t\n\t\t><div class=\"c-cta c-cta--layout-image-left no-variation has-background\">\n\n    <div class=\"c-cta__content\">\n\n        <div class=\"c-cta__inner\">\n\n            \n            \n            \n            \n                <div class=\"c-cta__headings\">\n\n                \n                                    <h2 class=\"c-cta__heading\">\n                        Acc\u00e9der aux Ateliers                    <\/h2>\n                \n                \n                <\/div>\n\n            \n            \n            \n                            <div class=\"c-cta__text \/ s-entry\">\n                    <p>Avec notre Guide de l'initi\u00e9, vous pouvez planifier la journ\u00e9e de shopping parfaite. Tous nos amis offrent \u00e0 nos invit\u00e9s un petit plus : une coupe de champagne pendant que vous faites vos achats, ou peut-\u00eatre une r\u00e9duction sp\u00e9ciale sur votre achat. Des cr\u00e9ateurs internationaux aux boutiques locales ind\u00e9pendantes, notre Guide vous ouvre toutes leurs portes.<\/p>\n                <\/div>\n            \n            \n            \n                    <\/div>\n\n    <\/div>\n\n    \n            <div data-src=\"https:\/\/hotelcms-production.imgix.net\/portobellohotel.com\/wp-content\/uploads\/2019\/01\/Portobello-Hotel-\u00a9-Amy-Murrell-2013-53.jpg\" data-crop=\"\" class=\"imgix-fluid  crop \/ c-background c-cta__background\"><\/div><noscript><div style=\"background-image: url(https:\/\/hotelcms-production.imgix.net\/portobellohotel.com\/wp-content\/uploads\/2019\/01\/Portobello-Hotel-\u00a9-Amy-Murrell-2013-53.jpg);\" class=\"crop \/ c-background c-cta__background\" ><\/div><\/noscript>    \n    \n<\/div>\n\n<\/div><\/div><\/div><\/div><\/div><div id=\"pg-2979-4\"  class=\"panel-grid panel-has-style\" ><div class=\"c-row--valign-default c-row--widget-none c-row--margin-default c-row--column-default panel-row-style panel-row-style-for-2979-4\" ><div id=\"pgc-2979-4-0\"  class=\"panel-grid-cell\" ><div id=\"panel-2979-4-0-0\" class=\"so-panel widget widget_cn-core-cta-widget panel-first-child panel-last-child\" data-index=\"4\" ><div\n\t\t\t\n\t\t\tclass=\"so-widget-cn-core-cta-widget so-widget-cn-core-cta-widget-base\"\n\t\t\t\n\t\t><div class=\"c-cta c-cta--layout-image-right no-variation has-background\">\n\n    <div class=\"c-cta__content\">\n\n        <div class=\"c-cta__inner\">\n\n            \n            \n            \n            \n                <div class=\"c-cta__headings\">\n\n                \n                                    <h2 class=\"c-cta__heading\">\n                        La meilleure table de la maison                    <\/h2>\n                \n                \n                <\/div>\n\n            \n            \n            \n                            <div class=\"c-cta__text \/ s-entry\">\n                    <p>Nous savons reconna\u00eetre un bon menu quand nous en voyons un, et notre guide ne se limite pas aux boutiques. Chaque client a acc\u00e8s \u00e0 une gamme de superbes r\u00e9ductions et de promotions sp\u00e9ciales gr\u00e2ce \u00e0 notre s\u00e9lection des meilleurs restaurants de Notting Hill et des environs. Bien entendu, notre \u00e9quipe de conciergerie se chargera \u00e9galement de toutes vos r\u00e9servations.<\/p>\n                <\/div>\n            \n            \n            \n                    <\/div>\n\n    <\/div>\n\n    \n            <div data-src=\"https:\/\/hotelcms-production.imgix.net\/portobellohotel.com\/wp-content\/uploads\/2019\/01\/Portobello-Hotel-\u00a9-Amy-Murrell-2013-56.jpg\" data-crop=\"\" class=\"imgix-fluid  crop \/ c-background c-cta__background\"><\/div><noscript><div style=\"background-image: url(https:\/\/hotelcms-production.imgix.net\/portobellohotel.com\/wp-content\/uploads\/2019\/01\/Portobello-Hotel-\u00a9-Amy-Murrell-2013-56.jpg);\" class=\"crop \/ c-background c-cta__background\" ><\/div><\/noscript>    \n    \n<\/div>\n\n<\/div><\/div><\/div><\/div><\/div><div id=\"pg-2979-5\"  class=\"panel-grid panel-has-style\" ><div class=\"c-row--valign-default c-row--widget-none c-row--margin-default c-row--column-default panel-row-style panel-row-style-for-2979-5\" ><div id=\"pgc-2979-5-0\"  class=\"panel-grid-cell\" ><div id=\"panel-2979-5-0-0\" class=\"so-panel widget widget_cn-core-cta-widget panel-first-child panel-last-child\" data-index=\"5\" ><div\n\t\t\t\n\t\t\tclass=\"so-widget-cn-core-cta-widget so-widget-cn-core-cta-widget-base\"\n\t\t\t\n\t\t><div class=\"c-cta c-cta--layout-image-left no-variation has-background\">\n\n    <div class=\"c-cta__content\">\n\n        <div class=\"c-cta__inner\">\n\n            \n            \n            \n            \n                <div class=\"c-cta__headings\">\n\n                \n                                    <h2 class=\"c-cta__heading\">\n                        Guide de quartier                    <\/h2>\n                \n                \n                <\/div>\n\n            \n            \n            \n                            <div class=\"c-cta__text \/ s-entry\">\n                    <p>Con\u00e7u pour vous aider \u00e0 planifier vos journ\u00e9es d'exploration de Notting Hill et de Londres, notre guide de quartier comprend nos recommandations pour les caf\u00e9s locaux, les restaurants modernes, les boutiques et nos conseils pour visiter le march\u00e9 de Portobello Road.<\/p>\n                <\/div>\n            \n            \n            \n                    <\/div>\n\n    <\/div>\n\n    \n            <div data-src=\"https:\/\/hotelcms-production.imgix.net\/portobellohotel.com\/wp-content\/uploads\/2018\/11\/Portobello-May-2016-\u00a9-Amy-Murrell-1.jpg\" data-crop=\"\" class=\"imgix-fluid  crop \/ c-background c-cta__background\"><\/div><noscript><div style=\"background-image: url(https:\/\/hotelcms-production.imgix.net\/portobellohotel.com\/wp-content\/uploads\/2018\/11\/Portobello-May-2016-\u00a9-Amy-Murrell-1.jpg);\" class=\"crop \/ c-background c-cta__background\" ><\/div><\/noscript>    \n    \n<\/div>\n\n<\/div><\/div><\/div><\/div><\/div><div id=\"pg-2979-6\"  class=\"panel-grid panel-has-style\" ><div class=\"c-row--valign-default c-row--widget-default c-row--margin-none c-row--column-default siteorigin-panels-stretch panel-row-style panel-row-style-for-2979-6\" data-stretch-type=\"full-width-stretch\" ><div id=\"pgc-2979-6-0\"  class=\"panel-grid-cell\" ><div id=\"panel-2979-6-0-0\" class=\"so-panel widget widget_cn-core-cta-widget panel-first-child panel-last-child\" data-index=\"6\" ><div\n\t\t\t\n\t\t\tclass=\"so-widget-cn-core-cta-widget so-widget-cn-core-cta-widget-base\"\n\t\t\t\n\t\t><div class=\"c-cta c-cta--layout-breaker no-variation has-background\">\n\n    <div class=\"c-cta__content\">\n\n        <div class=\"c-cta__inner\">\n\n                            <a href=\"https:\/\/www.portobellohotel.com\/rooms\/\" class=\"c-cta__anchor\">\n            \n            \n            \n            \n                <div class=\"c-cta__headings\">\n\n                                    <p class=\"c-cta__preheading\">\n                        Obtenir le guide Insider                    <\/p>\n                \n                                    <h2 class=\"c-cta__heading\">\n                        R\u00e9server une chambre                    <\/h2>\n                \n                \n                <\/div>\n\n            \n            \n                            <\/a>\n            \n            \n            \n                            <div class=\"c-cta__buttons\">\n                    <a  class=\"c-button button \/ c-cta__button  no-variation\" href=\"https:\/\/www.portobellohotel.com\/rooms\/\">\n    Voir l'h\u00e9bergement<\/a>\n\n\n                <\/div>\n            \n                    <\/div>\n\n    <\/div>\n\n    \n            <div data-src=\"https:\/\/hotelcms-production.imgix.net\/portobellohotel.com\/wp-content\/uploads\/2018\/11\/DSC1368lkm.jpg\" data-crop=\"centre\" class=\"imgix-fluid  crop \/ c-background c-cta__background\"><\/div><noscript><div style=\"background-image: url(https:\/\/hotelcms-production.imgix.net\/portobellohotel.com\/wp-content\/uploads\/2018\/11\/DSC1368lkm.jpg);\" class=\"crop \/ c-background c-cta__background\" ><\/div><\/noscript>    \n            <a href=\"https:\/\/www.portobellohotel.com\/rooms\/\" class=\"c-cta__detached-anchor\" href=\"https:\/\/www.portobellohotel.com\/rooms\/\"><\/a>\n    \n<\/div>\n\n<\/div><\/div><\/div><\/div><\/div><\/div>","protected":false},"excerpt":{"rendered":"<p>Vous \u00eates curieux ? Design Alimentation et boissons Membre Get Curious Shopping et restaurants \u00e0 Notting Hill Notre quartier Le guide de l&#8217;initi\u00e9 Nos h\u00f4tels sont tous solidement ancr\u00e9s dans leurs quartiers et leurs communaut\u00e9s, et The Portobello ne fait pas exception. En tant que client de The Portobello, vous recevrez notre \u00ab Guide de &hellip;<\/p>\n","protected":false},"author":4,"featured_media":2536,"parent":2977,"menu_order":1,"comment_status":"closed","ping_status":"closed","template":"","meta":{"_acf_changed":false,"footnotes":""},"class_list":["post--2979","post--page","post--type-page","post--status-publish","post--has-post-thumbnail","post--hentry"],"acf":[],"_links":{"self":[{"href":"https:\/\/www.portobellohotel.com\/fr\/wp-json\/wp\/v2\/pages\/2979","targetHints":{"allow":["GET"]}}],"collection":[{"href":"https:\/\/www.portobellohotel.com\/fr\/wp-json\/wp\/v2\/pages"}],"about":[{"href":"https:\/\/www.portobellohotel.com\/fr\/wp-json\/wp\/v2\/types\/page"}],"author":[{"embeddable":true,"href":"https:\/\/www.portobellohotel.com\/fr\/wp-json\/wp\/v2\/users\/4"}],"replies":[{"embeddable":true,"href":"https:\/\/www.portobellohotel.com\/fr\/wp-json\/wp\/v2\/comments?post=2979"}],"version-history":[{"count":3,"href":"https:\/\/www.portobellohotel.com\/fr\/wp-json\/wp\/v2\/pages\/2979\/revisions"}],"predecessor-version":[{"id":3227,"href":"https:\/\/www.portobellohotel.com\/fr\/wp-json\/wp\/v2\/pages\/2979\/revisions\/3227"}],"up":[{"embeddable":true,"href":"https:\/\/www.portobellohotel.com\/fr\/wp-json\/wp\/v2\/pages\/2977"}],"wp:featuredmedia":[{"embeddable":true,"href":"https:\/\/www.portobellohotel.com\/fr\/wp-json\/wp\/v2\/media\/2536"}],"wp:attachment":[{"href":"https:\/\/www.portobellohotel.com\/fr\/wp-json\/wp\/v2\/media?parent=2979"}],"curies":[{"name":"wp","href":"https:\/\/api.w.org\/{rel}","templated":true}]}}