{"id":2981,"date":"2018-11-02T12:27:00","date_gmt":"2018-11-02T12:27:00","guid":{"rendered":"https:\/\/portobellohotel.testingcreative.co.uk\/are-you-curious\/our-story\/"},"modified":"2025-03-05T12:24:03","modified_gmt":"2025-03-05T12:24:03","slug":"our-story","status":"publish","type":"page","link":"https:\/\/www.portobellohotel.com\/fr\/are-you-curious\/our-story\/","title":{"rendered":"Our Story FR"},"content":{"rendered":"<div id=\"pl-2981\"  class=\"panel-layout\" ><div id=\"pg-2981-0\"  class=\"panel-grid panel-has-style\" ><div class=\"c-row--valign-default c-row--widget-default c-row--margin-none c-row--column-none c-row--style-fixed siteorigin-panels-stretch panel-row-style panel-row-style-for-2981-0\" data-stretch-type=\"full-width-stretch\" ><div id=\"pgc-2981-0-0\"  class=\"panel-grid-cell\" ><div id=\"panel-2981-0-0-0\" class=\"so-panel widget widget_cn-core-static-menu-widget panel-first-child panel-last-child\" data-index=\"0\" ><div\n\t\t\t\n\t\t\tclass=\"so-widget-cn-core-static-menu-widget so-widget-cn-core-static-menu-widget-base\"\n\t\t\t\n\t\t>\n<nav class=\"c-ancestors \">\n  <h4 class=\"c-ancestors__heading\"><\/h4>\n\n  <ul class=\"menu\">\n\n                <li class=\"c-ancestors__page \/ menu__item \">\n        <a  class=\"c-button  no-variation\" href=\"https:\/\/www.portobellohotel.com\/are-you-curious\/\">\n    Vous \u00eates curieux ?<\/a>\n\n\n\n              <\/li>\n                <li class=\"c-ancestors__page \/ menu__item \">\n        <a  class=\"c-button  no-variation\" href=\"https:\/\/www.portobellohotel.com\/are-you-curious\/design\/\">\n    Design<\/a>\n\n\n\n              <\/li>\n                <li class=\"c-ancestors__page \/ menu__item \">\n        <a  class=\"c-button  no-variation\" href=\"https:\/\/www.portobellohotel.com\/are-you-curious\/food-drink\/\">\n    Alimentation et boissons<\/a>\n\n\n\n              <\/li>\n                <li class=\"c-ancestors__page \/ menu__item \">\n        <a  class=\"c-button  no-variation\" href=\"https:\/\/www.portobellohotel.com\/are-you-curious\/get-curious-members\/\">\n    Membre Get Curious<\/a>\n\n\n\n              <\/li>\n      <\/ul>\n\n<\/nav>\n<\/div><\/div><\/div><\/div><\/div><div id=\"pg-2981-1\"  class=\"panel-grid panel-has-style\" ><div class=\"c-row--valign-default c-row--widget-none c-row--margin-small c-row--column-none siteorigin-panels-stretch panel-row-style panel-row-style-for-2981-1\" data-stretch-type=\"full-width-stretch\" ><div id=\"pgc-2981-1-0\"  class=\"panel-grid-cell\" ><div id=\"panel-2981-1-0-0\" class=\"so-panel widget widget_cn-core-hero-widget panel-first-child panel-last-child\" data-index=\"1\" ><div\n\t\t\t\n\t\t\tclass=\"so-widget-cn-core-hero-widget so-widget-cn-core-hero-widget-base\"\n\t\t\t\n\t\t><section class=\"c-hero c-hero--short\">\n    <div class=\"c-hero__inner\">\n        \n        <div class=\"c-hero__content\">\n\n                            <h1 class=\"c-hero__heading\">\n                    L'histoire de l'h\u00f4tel Portobello                <\/h1>\n            \n                            <p class=\"c-hero__subheading\">\n                    Notre histoire                <\/p>\n                    <\/div>\n\n        \n    <\/div>\n\n\n\n    \n    \n    <div data-src=\"https:\/\/hotelcms-production.imgix.net\/portobellohotel.com\/wp-content\/uploads\/2018\/12\/Portobello_SP_6287.jpg\" data-crop=\"\" class=\"imgix-fluid  crop \/ c-hero__background\"><\/div><noscript><div style=\"background-image: url(https:\/\/hotelcms-production.imgix.net\/portobellohotel.com\/wp-content\/uploads\/2018\/12\/Portobello_SP_6287.jpg);\" class=\"crop \/ c-hero__background\" ><\/div><\/noscript>\n    \n    <\/section>\n<\/div><\/div><\/div><\/div><\/div><div id=\"pg-2981-2\"  class=\"panel-grid panel-has-style\" ><div class=\"c-row--valign-default c-row--widget-default c-row--margin-default c-row--column-default panel-row-style panel-row-style-for-2981-2\" ><div id=\"pgc-2981-2-0\"  class=\"panel-grid-cell\" ><div id=\"panel-2981-2-0-0\" class=\"so-panel widget widget_cn-core-cta-widget panel-first-child panel-last-child\" data-index=\"2\" ><div\n\t\t\t\n\t\t\tclass=\"so-widget-cn-core-cta-widget so-widget-cn-core-cta-widget-base\"\n\t\t\t\n\t\t><div class=\"c-cta c-cta--lead no-variation\">\n\n    <div class=\"c-cta__content\">\n\n        <div class=\"c-cta__inner\">\n\n            \n            \n            \n            \n            \n            \n                            <div class=\"c-cta__text \/ s-entry\">\n                    <p>\u00ab Nous avons toujours eu \u00e0 c\u0153ur de pr\u00e9server l'histoire de Portobello, et c'est passionnant de suivre son \u00e9volution au fil des ans. Tout a commenc\u00e9 en 1971, alors que l'ouest de Londres manquait d'h\u00f4tels de luxe. Au fil des ans, Portobello a accueilli de nombreux clients de renom, issus des secteurs de la musique et de la mode, qui y s\u00e9journaient ou y travaillaient, et est devenu un refuge pour les c\u00e9l\u00e9brit\u00e9s qui souhaitaient \u00e9chapper aux m\u00e9dias. \u00bb<\/p>\n<p>- Jessica &amp; Peter Frankopan<\/p>\n                <\/div>\n            \n            \n            \n                    <\/div>\n\n    <\/div>\n\n    \n    \n    \n<\/div>\n\n<\/div><\/div><\/div><\/div><\/div><div id=\"pg-2981-3\"  class=\"panel-grid panel-has-style\" ><div class=\"c-row--valign-default c-row--widget-none c-row--margin-default c-row--column-default panel-row-style panel-row-style-for-2981-3\" ><div id=\"pgc-2981-3-0\"  class=\"panel-grid-cell\" ><div id=\"panel-2981-3-0-0\" class=\"so-panel widget widget_cn-core-cta-widget panel-first-child panel-last-child\" data-index=\"3\" ><div\n\t\t\t\n\t\t\tclass=\"so-widget-cn-core-cta-widget so-widget-cn-core-cta-widget-base\"\n\t\t\t\n\t\t><div class=\"c-cta c-cta--layout-image-right no-variation has-background\">\n\n    <div class=\"c-cta__content\">\n\n        <div class=\"c-cta__inner\">\n\n            \n            \n            \n            \n                <div class=\"c-cta__headings\">\n\n                \n                                    <h2 class=\"c-cta__heading\">\n                        Les musiciens de Portobello                    <\/h2>\n                \n                \n                <\/div>\n\n            \n            \n            \n                            <div class=\"c-cta__text \/ s-entry\">\n                    <p>Lieu de r\u00e9sidence de nombreux rockeurs et rockeuses qui ont enregistr\u00e9 des disques marquants juste au coin de la rue, l'h\u00f4tel Portobello a accueilli de nombreuses personnalit\u00e9s au fil des ans. Des rock stars des ann\u00e9es 60 au groupe de pop britannique Blur dans les ann\u00e9es 90, l'atmosph\u00e8re lumineuse et vibrante de notre h\u00f4tel a attir\u00e9 de nombreux musiciens influents dans ce coin de l'ouest de Londres.<\/p>\n                <\/div>\n            \n            \n            \n                    <\/div>\n\n    <\/div>\n\n    \n            <div data-src=\"https:\/\/hotelcms-production.imgix.net\/portobellohotel.com\/wp-content\/uploads\/2018\/12\/DSC1185lkm.jpg\" data-crop=\"\" class=\"imgix-fluid  crop \/ c-background c-cta__background\"><\/div><noscript><div style=\"background-image: url(https:\/\/hotelcms-production.imgix.net\/portobellohotel.com\/wp-content\/uploads\/2018\/12\/DSC1185lkm.jpg);\" class=\"crop \/ c-background c-cta__background\" ><\/div><\/noscript>    \n    \n<\/div>\n\n<\/div><\/div><\/div><\/div><\/div><div id=\"pg-2981-4\"  class=\"panel-grid panel-has-style\" ><div class=\"c-row--valign-default c-row--widget-none c-row--margin-default c-row--column-default panel-row-style panel-row-style-for-2981-4\" ><div id=\"pgc-2981-4-0\"  class=\"panel-grid-cell\" ><div id=\"panel-2981-4-0-0\" class=\"so-panel widget widget_cn-core-cta-widget panel-first-child panel-last-child\" data-index=\"4\" ><div\n\t\t\t\n\t\t\tclass=\"so-widget-cn-core-cta-widget so-widget-cn-core-cta-widget-base\"\n\t\t\t\n\t\t><div class=\"c-cta c-cta--layout-image-left no-variation has-background\">\n\n    <div class=\"c-cta__content\">\n\n        <div class=\"c-cta__inner\">\n\n            \n            \n            \n            \n                <div class=\"c-cta__headings\">\n\n                \n                                    <h2 class=\"c-cta__heading\">\n                        La rumeur dit                    <\/h2>\n                \n                \n                <\/div>\n\n            \n            \n            \n                            <div class=\"c-cta__text \/ s-entry\">\n                    <p>La l\u00e9gende raconte que Johnny Depp et Kate Moss se sont un jour baign\u00e9s dans du champagne dans la d\u00e9cadente Room 16. Parmi les autres musiciens et c\u00e9l\u00e9brit\u00e9s qui ont franchi nos portes, on compte Alice Cooper et Robbie Williams (qui a tent\u00e9 d'acheter notre c\u00e9l\u00e8bre lit circulaire de la Room 16). Bien que nos registres ne soient plus aussi remplis de VIP qu'autrefois, nous continuons d'accueillir des c\u00e9l\u00e9brit\u00e9s.<\/p>\n<p>Nous sommes fiers de notre approche d\u00e9contract\u00e9e du luxe, c'est pourquoi nous demandons \u00e0 tous les clients qui aper\u00e7oivent un visage c\u00e9l\u00e8bre se d\u00e9tendre dans le salon avec un petit-d\u00e9jeuner ou une boisson de bien vouloir les laisser profiter de leur s\u00e9jour.<\/p>\n                <\/div>\n            \n            \n            \n                    <\/div>\n\n    <\/div>\n\n    \n            <div data-src=\"https:\/\/hotelcms-production.imgix.net\/portobellohotel.com\/wp-content\/uploads\/2018\/11\/Exceptional-Room-6.jpg\" data-crop=\"centre\" class=\"imgix-fluid  crop \/ c-background c-cta__background\"><\/div><noscript><div style=\"background-image: url(https:\/\/hotelcms-production.imgix.net\/portobellohotel.com\/wp-content\/uploads\/2018\/11\/Exceptional-Room-6.jpg);\" class=\"crop \/ c-background c-cta__background\" ><\/div><\/noscript>    \n    \n<\/div>\n\n<\/div><\/div><\/div><\/div><\/div><div id=\"pg-2981-5\"  class=\"panel-grid panel-has-style\" ><div class=\"c-row--valign-default c-row--widget-none c-row--margin-default c-row--column-default panel-row-style panel-row-style-for-2981-5\" ><div id=\"pgc-2981-5-0\"  class=\"panel-grid-cell\" ><div id=\"panel-2981-5-0-0\" class=\"so-panel widget widget_cn-core-cta-widget panel-first-child panel-last-child\" data-index=\"5\" ><div\n\t\t\t\n\t\t\tclass=\"so-widget-cn-core-cta-widget so-widget-cn-core-cta-widget-base\"\n\t\t\t\n\t\t><div class=\"c-cta c-cta--layout-image-right no-variation has-background\">\n\n    <div class=\"c-cta__content\">\n\n        <div class=\"c-cta__inner\">\n\n            \n            \n            \n            \n                <div class=\"c-cta__headings\">\n\n                \n                                    <h2 class=\"c-cta__heading\">\n                        Le luxe d\u00e9contract\u00e9 et chaleureux                    <\/h2>\n                \n                \n                <\/div>\n\n            \n            \n            \n                            <div class=\"c-cta__text \/ s-entry\">\n                    <p>Nous sommes l\u00e0 pour vous offrir un endroit \u00e9l\u00e9gant o\u00f9 vous d\u00e9tendre au c\u0153ur de Notting Hill, dans l'ouest de Londres. Notre s\u00e9lection de chambres, inspir\u00e9e de la culture boh\u00e8me et du march\u00e9 de Portobello \u00e0 nos portes, vous accueille \u00e0 bras ouverts dans un espace vibrant et \u00e9clectique \u00e0 l'atmosph\u00e8re parfaite pour se d\u00e9tendre.<\/p>\n<p>Avec ses vues sur les demeures embl\u00e9matiques de Notting Hill \u00e0 l'avant et les magnifiques Stanley Gardens \u00e0 l'arri\u00e8re, l'h\u00f4tel Portobello est l'endroit id\u00e9al pour \u00e9chapper \u00e0 l'agitation du centre-ville, tout en \u00e9tant \u00e0 quelques minutes en m\u00e9tro de ce que Londres a de mieux \u00e0 offrir.<\/p>\n                <\/div>\n            \n            \n            \n                    <\/div>\n\n    <\/div>\n\n    \n            <div data-src=\"https:\/\/hotelcms-production.imgix.net\/portobellohotel.com\/wp-content\/uploads\/2018\/12\/Portobello_SP_6032.jpg\" data-crop=\"\" class=\"imgix-fluid  crop \/ c-background c-cta__background\"><\/div><noscript><div style=\"background-image: url(https:\/\/hotelcms-production.imgix.net\/portobellohotel.com\/wp-content\/uploads\/2018\/12\/Portobello_SP_6032.jpg);\" class=\"crop \/ c-background c-cta__background\" ><\/div><\/noscript>    \n    \n<\/div>\n\n<\/div><\/div><\/div><\/div><\/div><div id=\"pg-2981-6\"  class=\"panel-grid panel-has-style\" ><div class=\"c-row--valign-default c-row--widget-default c-row--margin-none c-row--column-default siteorigin-panels-stretch panel-row-style panel-row-style-for-2981-6\" data-stretch-type=\"full-width-stretch\" ><div id=\"pgc-2981-6-0\"  class=\"panel-grid-cell\" ><div id=\"panel-2981-6-0-0\" class=\"so-panel widget widget_cn-core-cta-widget panel-first-child panel-last-child\" data-index=\"6\" ><div\n\t\t\t\n\t\t\tclass=\"so-widget-cn-core-cta-widget so-widget-cn-core-cta-widget-base\"\n\t\t\t\n\t\t><div class=\"c-cta c-cta--layout-breaker no-variation has-background\">\n\n    <div class=\"c-cta__content\">\n\n        <div class=\"c-cta__inner\">\n\n                            <a href=\"https:\/\/www.portobellohotel.com\/rooms\/\" class=\"c-cta__anchor\">\n            \n            \n            \n            \n                <div class=\"c-cta__headings\">\n\n                                    <p class=\"c-cta__preheading\">\n                        Faites l'exp\u00e9rience de l'h\u00f4tel Portobello par vous-m\u00eame                    <\/p>\n                \n                                    <h2 class=\"c-cta__heading\">\n                        R\u00e9server une chambre                    <\/h2>\n                \n                \n                <\/div>\n\n            \n            \n                            <\/a>\n            \n            \n            \n                            <div class=\"c-cta__buttons\">\n                    <a  class=\"c-button button \/ c-cta__button  no-variation\" href=\"https:\/\/www.portobellohotel.com\/rooms\/\">\n    Voir l'h\u00e9bergement<\/a>\n\n\n                <\/div>\n            \n                    <\/div>\n\n    <\/div>\n\n    \n            <div data-src=\"https:\/\/hotelcms-production.imgix.net\/portobellohotel.com\/wp-content\/uploads\/2018\/11\/DSC1368lkm.jpg\" data-crop=\"centre\" class=\"imgix-fluid  crop \/ c-background c-cta__background\"><\/div><noscript><div style=\"background-image: url(https:\/\/hotelcms-production.imgix.net\/portobellohotel.com\/wp-content\/uploads\/2018\/11\/DSC1368lkm.jpg);\" class=\"crop \/ c-background c-cta__background\" ><\/div><\/noscript>    \n            <a href=\"https:\/\/www.portobellohotel.com\/rooms\/\" class=\"c-cta__detached-anchor\" href=\"https:\/\/www.portobellohotel.com\/rooms\/\"><\/a>\n    \n<\/div>\n\n<\/div><\/div><\/div><\/div><\/div><\/div>","protected":false},"excerpt":{"rendered":"<p>Vous \u00eates curieux ? Design Alimentation et boissons Membre Get Curious L&#8217;histoire de l&#8217;h\u00f4tel Portobello Notre histoire \u00ab Nous avons toujours eu \u00e0 c\u0153ur de pr\u00e9server l&#8217;histoire de Portobello, et c&#8217;est passionnant de suivre son \u00e9volution au fil des ans. Tout a commenc\u00e9 en 1971, alors que l&#8217;ouest de Londres manquait d&#8217;h\u00f4tels de luxe. Au &hellip;<\/p>\n","protected":false},"author":2,"featured_media":2526,"parent":2977,"menu_order":2,"comment_status":"closed","ping_status":"closed","template":"","meta":{"_acf_changed":false,"footnotes":""},"class_list":["post--2981","post--page","post--type-page","post--status-publish","post--has-post-thumbnail","post--hentry"],"acf":[],"_links":{"self":[{"href":"https:\/\/www.portobellohotel.com\/fr\/wp-json\/wp\/v2\/pages\/2981","targetHints":{"allow":["GET"]}}],"collection":[{"href":"https:\/\/www.portobellohotel.com\/fr\/wp-json\/wp\/v2\/pages"}],"about":[{"href":"https:\/\/www.portobellohotel.com\/fr\/wp-json\/wp\/v2\/types\/page"}],"author":[{"embeddable":true,"href":"https:\/\/www.portobellohotel.com\/fr\/wp-json\/wp\/v2\/users\/2"}],"replies":[{"embeddable":true,"href":"https:\/\/www.portobellohotel.com\/fr\/wp-json\/wp\/v2\/comments?post=2981"}],"version-history":[{"count":4,"href":"https:\/\/www.portobellohotel.com\/fr\/wp-json\/wp\/v2\/pages\/2981\/revisions"}],"predecessor-version":[{"id":3228,"href":"https:\/\/www.portobellohotel.com\/fr\/wp-json\/wp\/v2\/pages\/2981\/revisions\/3228"}],"up":[{"embeddable":true,"href":"https:\/\/www.portobellohotel.com\/fr\/wp-json\/wp\/v2\/pages\/2977"}],"wp:featuredmedia":[{"embeddable":true,"href":"https:\/\/www.portobellohotel.com\/fr\/wp-json\/wp\/v2\/media\/2526"}],"wp:attachment":[{"href":"https:\/\/www.portobellohotel.com\/fr\/wp-json\/wp\/v2\/media?parent=2981"}],"curies":[{"name":"wp","href":"https:\/\/api.w.org\/{rel}","templated":true}]}}