{"id":2982,"date":"2018-11-02T12:27:00","date_gmt":"2018-11-02T12:27:00","guid":{"rendered":"https:\/\/portobellohotel.testingcreative.co.uk\/are-you-curious\/design\/"},"modified":"2025-03-05T12:24:12","modified_gmt":"2025-03-05T12:24:12","slug":"design","status":"publish","type":"page","link":"https:\/\/www.portobellohotel.com\/fr\/are-you-curious\/design\/","title":{"rendered":"Design FR"},"content":{"rendered":"<div id=\"pl-2982\"  class=\"panel-layout\" ><div id=\"pg-2982-0\"  class=\"panel-grid panel-has-style\" ><div class=\"c-row--valign-default c-row--widget-default c-row--margin-none c-row--column-none c-row--style-fixed siteorigin-panels-stretch panel-row-style panel-row-style-for-2982-0\" data-stretch-type=\"full-width-stretch\" ><div id=\"pgc-2982-0-0\"  class=\"panel-grid-cell\" ><div id=\"panel-2982-0-0-0\" class=\"so-panel widget widget_cn-core-static-menu-widget panel-first-child panel-last-child\" data-index=\"0\" ><div\n\t\t\t\n\t\t\tclass=\"so-widget-cn-core-static-menu-widget so-widget-cn-core-static-menu-widget-base\"\n\t\t\t\n\t\t>\n<nav class=\"c-ancestors \">\n  <h4 class=\"c-ancestors__heading\"><\/h4>\n\n  <ul class=\"menu\">\n\n                <li class=\"c-ancestors__page \/ menu__item \">\n        <a  class=\"c-button  no-variation\" href=\"https:\/\/www.portobellohotel.com\/are-you-curious\/\">\n    \u00cates-vous curieux ?<\/a>\n\n\n\n              <\/li>\n                <li class=\"c-ancestors__page \/ menu__item \">\n        <a  class=\"c-button  no-variation\" href=\"https:\/\/www.portobellohotel.com\/are-you-curious\/our-story\/\">\n    Notre histoire<\/a>\n\n\n\n              <\/li>\n                <li class=\"c-ancestors__page \/ menu__item \">\n        <a  class=\"c-button  no-variation\" href=\"https:\/\/www.portobellohotel.com\/are-you-curious\/food-drink\/\">\n    Alimentation et boissons<\/a>\n\n\n\n              <\/li>\n                <li class=\"c-ancestors__page \/ menu__item \">\n        <a  class=\"c-button  no-variation\" href=\"https:\/\/www.portobellohotel.com\/are-you-curious\/get-curious-members\/\">\n    Membre Get Curious<\/a>\n\n\n\n              <\/li>\n      <\/ul>\n\n<\/nav>\n<\/div><\/div><\/div><\/div><\/div><div id=\"pg-2982-1\"  class=\"panel-grid panel-has-style\" ><div class=\"c-row--valign-default c-row--widget-none c-row--margin-small c-row--column-none siteorigin-panels-stretch panel-row-style panel-row-style-for-2982-1\" data-stretch-type=\"full-width-stretch\" ><div id=\"pgc-2982-1-0\"  class=\"panel-grid-cell\" ><div id=\"panel-2982-1-0-0\" class=\"so-panel widget widget_cn-core-hero-widget panel-first-child panel-last-child\" data-index=\"1\" ><div\n\t\t\t\n\t\t\tclass=\"so-widget-cn-core-hero-widget so-widget-cn-core-hero-widget-base\"\n\t\t\t\n\t\t><section class=\"c-hero c-hero--short\">\n    <div class=\"c-hero__inner\">\n        \n        <div class=\"c-hero__content\">\n\n                            <h1 class=\"c-hero__heading\">\n                    Design int\u00e9rieur de l'h\u00f4tel Portobello                <\/h1>\n            \n                            <p class=\"c-hero__subheading\">\n                    Design                <\/p>\n                    <\/div>\n\n        \n    <\/div>\n\n\n\n    \n    \n    <div data-src=\"https:\/\/hotelcms-production.imgix.net\/portobellohotel.com\/wp-content\/uploads\/2018\/12\/Portobello_SP_6247.jpg\" data-crop=\"\" class=\"imgix-fluid  crop \/ c-hero__background\"><\/div><noscript><div style=\"background-image: url(https:\/\/hotelcms-production.imgix.net\/portobellohotel.com\/wp-content\/uploads\/2018\/12\/Portobello_SP_6247.jpg);\" class=\"crop \/ c-hero__background\" ><\/div><\/noscript>\n    \n    <\/section>\n<\/div><\/div><\/div><\/div><\/div><div id=\"pg-2982-2\"  class=\"panel-grid panel-has-style\" ><div class=\"c-row--valign-default c-row--widget-default c-row--margin-default c-row--column-default panel-row-style panel-row-style-for-2982-2\" ><div id=\"pgc-2982-2-0\"  class=\"panel-grid-cell\" ><div id=\"panel-2982-2-0-0\" class=\"so-panel widget widget_cn-core-cta-widget panel-first-child panel-last-child\" data-index=\"2\" ><div\n\t\t\t\n\t\t\tclass=\"so-widget-cn-core-cta-widget so-widget-cn-core-cta-widget-base\"\n\t\t\t\n\t\t><div class=\"c-cta c-cta--lead no-variation\">\n\n    <div class=\"c-cta__content\">\n\n        <div class=\"c-cta__inner\">\n\n            \n            \n            \n            \n            \n            \n                            <div class=\"c-cta__text \/ s-entry\">\n                    <p>Le Portobello Hotel incarne l'esprit boh\u00e8me du march\u00e9 de Portobello Road et l'\u00e2me \u00e9clectique de Notting Hill et du Londres des Swinging Sixties. Nous sommes l'un des h\u00f4tels les plus c\u00e9l\u00e8bres de la capitale, en partie parce que nous avons \u00e9t\u00e9 le premier h\u00f4tel-boutique de Londres, mais aussi parce que notre h\u00f4tel a accueilli des rockers qui ont enregistr\u00e9 certains des albums les plus embl\u00e9matiques de l'histoire de la musique dans les studios d'enregistrement situ\u00e9s au coin de la rue. Ci-dessous, nos propri\u00e9taires, Peter et Jessica Frankopan, partagent leurs r\u00e9flexions sur le design de l'h\u00f4tel Portobello.<\/p>\n                <\/div>\n            \n            \n            \n                    <\/div>\n\n    <\/div>\n\n    \n    \n    \n<\/div>\n\n<\/div><\/div><\/div><\/div><\/div><div id=\"pg-2982-3\"  class=\"panel-grid panel-has-style\" ><div class=\"c-row--valign-default c-row--widget-none c-row--margin-default c-row--column-default panel-row-style panel-row-style-for-2982-3\" ><div id=\"pgc-2982-3-0\"  class=\"panel-grid-cell\" ><div id=\"panel-2982-3-0-0\" class=\"so-panel widget widget_cn-core-cta-widget panel-first-child panel-last-child\" data-index=\"3\" ><div\n\t\t\t\n\t\t\tclass=\"so-widget-cn-core-cta-widget so-widget-cn-core-cta-widget-base\"\n\t\t\t\n\t\t><div class=\"c-cta c-cta--layout-image-right no-variation has-background\">\n\n    <div class=\"c-cta__content\">\n\n        <div class=\"c-cta__inner\">\n\n            \n            \n            \n            \n                <div class=\"c-cta__headings\">\n\n                \n                                    <h2 class=\"c-cta__heading\">\n                        Musique, mode et cin\u00e9ma                    <\/h2>\n                \n                \n                <\/div>\n\n            \n            \n            \n                            <div class=\"c-cta__text \/ s-entry\">\n                    <p>Nous connaissions les propri\u00e9taires depuis des ann\u00e9es avant de reprendre l'h\u00f4tel. Nous leur avions dit depuis longtemps que Portobello n'\u00e9tait pas seulement notre h\u00f4tel pr\u00e9f\u00e9r\u00e9 \u00e0 Londres, mais aussi le fr\u00e8re parfait de nos <a href=\"\/are-you-curious\/get-curious-members\/\">autres h\u00f4tels.<\/a><\/p>\n<p>L'h\u00f4tel Portobello est impr\u00e9gn\u00e9 d'histoire de la musique, de la mode et du cin\u00e9ma. Nous sommes ravis que les clients qui y ont s\u00e9journ\u00e9 il y a des d\u00e9cennies y reviennent encore aujourd'hui et que ceux qui viennent pour la premi\u00e8re fois s'y sentent comme chez eux. Et nous sommes ravis que vous puissiez voir deux stars de premier plan assises \u00e0 des tables voisines au petit-d\u00e9jeuner sans que cela ne fasse sourciller personne. Nous aimons cr\u00e9er une atmosph\u00e8re o\u00f9 chacun peut se d\u00e9tendre.<\/p>\n                <\/div>\n            \n            \n            \n                    <\/div>\n\n    <\/div>\n\n    \n            <div data-src=\"https:\/\/hotelcms-production.imgix.net\/portobellohotel.com\/wp-content\/uploads\/2018\/12\/Portobello_SP_6374.jpg\" data-crop=\"\" class=\"imgix-fluid  crop \/ c-background c-cta__background\"><\/div><noscript><div style=\"background-image: url(https:\/\/hotelcms-production.imgix.net\/portobellohotel.com\/wp-content\/uploads\/2018\/12\/Portobello_SP_6374.jpg);\" class=\"crop \/ c-background c-cta__background\" ><\/div><\/noscript>    \n    \n<\/div>\n\n<\/div><\/div><\/div><\/div><\/div><div id=\"pg-2982-4\"  class=\"panel-grid panel-has-style\" ><div class=\"c-row--valign-default c-row--widget-none c-row--margin-default c-row--column-default panel-row-style panel-row-style-for-2982-4\" ><div id=\"pgc-2982-4-0\"  class=\"panel-grid-cell\" ><div id=\"panel-2982-4-0-0\" class=\"so-panel widget widget_cn-core-cta-widget panel-first-child panel-last-child\" data-index=\"4\" ><div\n\t\t\t\n\t\t\tclass=\"so-widget-cn-core-cta-widget so-widget-cn-core-cta-widget-base\"\n\t\t\t\n\t\t><div class=\"c-cta c-cta--layout-image-left no-variation has-background\">\n\n    <div class=\"c-cta__content\">\n\n        <div class=\"c-cta__inner\">\n\n            \n            \n            \n            \n                <div class=\"c-cta__headings\">\n\n                \n                                    <h2 class=\"c-cta__heading\">\n                        M\u00e9lange du pass\u00e9 et du pr\u00e9sent                    <\/h2>\n                \n                \n                <\/div>\n\n            \n            \n            \n                            <div class=\"c-cta__text \/ s-entry\">\n                    <p>Nous disposons de 21 chambres au c\u0153ur de Notting Hill, \u00e0 cinq minutes du march\u00e9 de Portobello et \u00e0 deux pas de Paul Smith, d'Agent Provocateur et des boutiques de Westbourne Grove.<\/p>\n<p>Nous croyons fermement au respect du pass\u00e9 et \u00e0 sa fusion avec le pr\u00e9sent. Ainsi, au cours des cinq derni\u00e8res ann\u00e9es, nous avons lentement r\u00e9nov\u00e9 l'h\u00f4tel, am\u00e9lior\u00e9 les chambres et agrandi et am\u00e9lior\u00e9 les salles de bains. Mais nous n'avons pas voulu laisser notre \u00ab empreinte \u00bb sur le Portobello : notre r\u00f4le est d'apporter des am\u00e9liorations sans que personne ne s'en aper\u00e7oive. C'est le secret pour bien faire les choses.<\/p>\n                <\/div>\n            \n            \n            \n                    <\/div>\n\n    <\/div>\n\n    \n            <div data-src=\"https:\/\/hotelcms-production.imgix.net\/portobellohotel.com\/wp-content\/uploads\/2018\/12\/Portobello_SP_6277.jpg\" data-crop=\"\" class=\"imgix-fluid  crop \/ c-background c-cta__background\"><\/div><noscript><div style=\"background-image: url(https:\/\/hotelcms-production.imgix.net\/portobellohotel.com\/wp-content\/uploads\/2018\/12\/Portobello_SP_6277.jpg);\" class=\"crop \/ c-background c-cta__background\" ><\/div><\/noscript>    \n    \n<\/div>\n\n<\/div><\/div><\/div><\/div><\/div><div id=\"pg-2982-5\"  class=\"panel-grid panel-has-style\" ><div class=\"c-row--valign-default c-row--widget-none c-row--margin-default c-row--column-default panel-row-style panel-row-style-for-2982-5\" ><div id=\"pgc-2982-5-0\"  class=\"panel-grid-cell\" ><div id=\"panel-2982-5-0-0\" class=\"so-panel widget widget_cn-core-cta-widget panel-first-child panel-last-child\" data-index=\"5\" ><div\n\t\t\t\n\t\t\tclass=\"so-widget-cn-core-cta-widget so-widget-cn-core-cta-widget-base\"\n\t\t\t\n\t\t><div class=\"c-cta c-cta--layout-image-right no-variation has-background\">\n\n    <div class=\"c-cta__content\">\n\n        <div class=\"c-cta__inner\">\n\n            \n            \n            \n            \n                <div class=\"c-cta__headings\">\n\n                \n                                    <h2 class=\"c-cta__heading\">\n                        Pi\u00e8ces uniques                    <\/h2>\n                \n                \n                <\/div>\n\n            \n            \n            \n                            <div class=\"c-cta__text \/ s-entry\">\n                    <p>C'est un tel plaisir de perp\u00e9tuer l'h\u00e9ritage de ce lieu si c\u00e9l\u00e8bre. Nous avons parcouru les march\u00e9s locaux et les magasins d'antiquit\u00e9s \u00e0 la recherche de pi\u00e8ces uniques, de petits objets et de d\u00e9tails qui donnent vie \u00e0 l'identit\u00e9 de l'h\u00f4tel, tout en restant fid\u00e8les \u00e0 son pass\u00e9. Nous savons qu'il est important pour nos clients de pouvoir sortir par la porte d'entr\u00e9e et se rendre \u00e0 pied dans des endroits qui leur plairont. Nous sommes parfaitement situ\u00e9s pour cela : \u00e0 30 minutes de la City, \u00e0 20 minutes des boutiques de Knightsbridge et \u00e0 5 minutes du march\u00e9 de Portobello.<\/p>\n                <\/div>\n            \n            \n            \n                    <\/div>\n\n    <\/div>\n\n    \n            <div data-src=\"https:\/\/hotelcms-production.imgix.net\/portobellohotel.com\/wp-content\/uploads\/2018\/12\/PortobelloAF6A0535.jpg\" data-crop=\"\" class=\"imgix-fluid  crop \/ c-background c-cta__background\"><\/div><noscript><div style=\"background-image: url(https:\/\/hotelcms-production.imgix.net\/portobellohotel.com\/wp-content\/uploads\/2018\/12\/PortobelloAF6A0535.jpg);\" class=\"crop \/ c-background c-cta__background\" ><\/div><\/noscript>    \n    \n<\/div>\n\n<\/div><\/div><\/div><\/div><\/div><div id=\"pg-2982-6\"  class=\"panel-grid panel-has-style\" ><div class=\"c-row--valign-default c-row--widget-default c-row--margin-default c-row--column-default panel-row-style panel-row-style-for-2982-6\" ><div id=\"pgc-2982-6-0\"  class=\"panel-grid-cell\" ><div id=\"panel-2982-6-0-0\" class=\"so-panel widget widget_cn-core-cta-widget panel-first-child panel-last-child\" data-index=\"6\" ><div\n\t\t\t\n\t\t\tclass=\"so-widget-cn-core-cta-widget so-widget-cn-core-cta-widget-base\"\n\t\t\t\n\t\t><div class=\"c-cta c-cta--layout-image-left no-variation has-background\">\n\n    <div class=\"c-cta__content\">\n\n        <div class=\"c-cta__inner\">\n\n            \n            \n            \n            \n                <div class=\"c-cta__headings\">\n\n                \n                                    <h2 class=\"c-cta__heading\">\n                        Fid\u00e8le \u00e0 l'esprit de Portobello                    <\/h2>\n                \n                \n                <\/div>\n\n            \n            \n            \n                            <div class=\"c-cta__text \/ s-entry\">\n                    <p>Le Portobello reste fid\u00e8le \u00e0 lui-m\u00eame gr\u00e2ce \u00e0 l'attention port\u00e9e aux d\u00e9tails, \u00e0 la restauration sensible et au caract\u00e8re unique de la finition. Nous ne sommes pas surpris qu'il soit si populaire aupr\u00e8s des connaisseurs, et bien que nous soyons ravis qu'il soit souvent utilis\u00e9 pour des s\u00e9ances photos de mode, des interviews de personnalit\u00e9s et des invit\u00e9s c\u00e9l\u00e8bres, nous savons aussi que la cl\u00e9 de notre succ\u00e8s est d'\u00eatre discrets, professionnels et surtout fid\u00e8les \u00e0 l'esprit du Portobello. Nous esp\u00e9rons que vous l'aimerez autant que nous - Jessica Frankopan<\/p>\n                <\/div>\n            \n            \n            \n                    <\/div>\n\n    <\/div>\n\n    \n            <div data-src=\"https:\/\/hotelcms-production.imgix.net\/portobellohotel.com\/wp-content\/uploads\/2018\/12\/PortobelloAF6A0460stack.jpg\" data-crop=\"\" class=\"imgix-fluid  crop \/ c-background c-cta__background\"><\/div><noscript><div style=\"background-image: url(https:\/\/hotelcms-production.imgix.net\/portobellohotel.com\/wp-content\/uploads\/2018\/12\/PortobelloAF6A0460stack.jpg);\" class=\"crop \/ c-background c-cta__background\" ><\/div><\/noscript>    \n    \n<\/div>\n\n<\/div><\/div><\/div><\/div><\/div><div id=\"pg-2982-7\"  class=\"panel-grid panel-has-style\" ><div class=\"c-row--valign-default c-row--widget-default c-row--margin-none c-row--column-default siteorigin-panels-stretch panel-row-style panel-row-style-for-2982-7\" data-stretch-type=\"full-width-stretch\" ><div id=\"pgc-2982-7-0\"  class=\"panel-grid-cell\" ><div id=\"panel-2982-7-0-0\" class=\"so-panel widget widget_cn-core-cta-widget panel-first-child panel-last-child\" data-index=\"7\" ><div\n\t\t\t\n\t\t\tclass=\"so-widget-cn-core-cta-widget so-widget-cn-core-cta-widget-base\"\n\t\t\t\n\t\t><div class=\"c-cta c-cta--layout-breaker no-variation has-background\">\n\n    <div class=\"c-cta__content\">\n\n        <div class=\"c-cta__inner\">\n\n                            <a href=\"https:\/\/www.portobellohotel.com\/rooms\/\" class=\"c-cta__anchor\">\n            \n            \n            \n            \n                <div class=\"c-cta__headings\">\n\n                                    <p class=\"c-cta__preheading\">\n                        Faites l'exp\u00e9rience de l'h\u00f4tel Portobello par vous-m\u00eame                    <\/p>\n                \n                                    <h2 class=\"c-cta__heading\">\n                        R\u00e9server une chambre                    <\/h2>\n                \n                \n                <\/div>\n\n            \n            \n                            <\/a>\n            \n            \n            \n                            <div class=\"c-cta__buttons\">\n                    <a  class=\"c-button button \/ c-cta__button  no-variation\" href=\"https:\/\/www.portobellohotel.com\/rooms\/\">\n    Voir l'h\u00e9bergement<\/a>\n\n\n                <\/div>\n            \n                    <\/div>\n\n    <\/div>\n\n    \n            <div data-src=\"https:\/\/hotelcms-production.imgix.net\/portobellohotel.com\/wp-content\/uploads\/2018\/11\/DSC1368lkm.jpg\" data-crop=\"centre\" class=\"imgix-fluid  crop \/ c-background c-cta__background\"><\/div><noscript><div style=\"background-image: url(https:\/\/hotelcms-production.imgix.net\/portobellohotel.com\/wp-content\/uploads\/2018\/11\/DSC1368lkm.jpg);\" class=\"crop \/ c-background c-cta__background\" ><\/div><\/noscript>    \n            <a href=\"https:\/\/www.portobellohotel.com\/rooms\/\" class=\"c-cta__detached-anchor\" href=\"https:\/\/www.portobellohotel.com\/rooms\/\"><\/a>\n    \n<\/div>\n\n<\/div><\/div><\/div><\/div><\/div><\/div>","protected":false},"excerpt":{"rendered":"<p>\u00cates-vous curieux ? Notre histoire Alimentation et boissons Membre Get Curious Design int\u00e9rieur de l&#8217;h\u00f4tel Portobello Design Le Portobello Hotel incarne l&#8217;esprit boh\u00e8me du march\u00e9 de Portobello Road et l&#8217;\u00e2me \u00e9clectique de Notting Hill et du Londres des Swinging Sixties. Nous sommes l&#8217;un des h\u00f4tels les plus c\u00e9l\u00e8bres de la capitale, en partie parce que &hellip;<\/p>\n","protected":false},"author":2,"featured_media":2222,"parent":2977,"menu_order":3,"comment_status":"closed","ping_status":"closed","template":"","meta":{"_acf_changed":false,"footnotes":""},"class_list":["post--2982","post--page","post--type-page","post--status-publish","post--has-post-thumbnail","post--hentry"],"acf":[],"_links":{"self":[{"href":"https:\/\/www.portobellohotel.com\/fr\/wp-json\/wp\/v2\/pages\/2982","targetHints":{"allow":["GET"]}}],"collection":[{"href":"https:\/\/www.portobellohotel.com\/fr\/wp-json\/wp\/v2\/pages"}],"about":[{"href":"https:\/\/www.portobellohotel.com\/fr\/wp-json\/wp\/v2\/types\/page"}],"author":[{"embeddable":true,"href":"https:\/\/www.portobellohotel.com\/fr\/wp-json\/wp\/v2\/users\/2"}],"replies":[{"embeddable":true,"href":"https:\/\/www.portobellohotel.com\/fr\/wp-json\/wp\/v2\/comments?post=2982"}],"version-history":[{"count":4,"href":"https:\/\/www.portobellohotel.com\/fr\/wp-json\/wp\/v2\/pages\/2982\/revisions"}],"predecessor-version":[{"id":3229,"href":"https:\/\/www.portobellohotel.com\/fr\/wp-json\/wp\/v2\/pages\/2982\/revisions\/3229"}],"up":[{"embeddable":true,"href":"https:\/\/www.portobellohotel.com\/fr\/wp-json\/wp\/v2\/pages\/2977"}],"wp:featuredmedia":[{"embeddable":true,"href":"https:\/\/www.portobellohotel.com\/fr\/wp-json\/wp\/v2\/media\/2222"}],"wp:attachment":[{"href":"https:\/\/www.portobellohotel.com\/fr\/wp-json\/wp\/v2\/media?parent=2982"}],"curies":[{"name":"wp","href":"https:\/\/api.w.org\/{rel}","templated":true}]}}