{"id":2983,"date":"2018-11-02T12:27:00","date_gmt":"2018-11-02T12:27:00","guid":{"rendered":"https:\/\/portobellohotel.testingcreative.co.uk\/are-you-curious\/food-drink\/"},"modified":"2025-03-05T12:24:21","modified_gmt":"2025-03-05T12:24:21","slug":"food-drink","status":"publish","type":"page","link":"https:\/\/www.portobellohotel.com\/fr\/are-you-curious\/food-drink\/","title":{"rendered":"Food &#038; Drink FR"},"content":{"rendered":"<div id=\"pl-2983\"  class=\"panel-layout\" ><div id=\"pg-2983-0\"  class=\"panel-grid panel-has-style\" ><div class=\"c-row--valign-default c-row--widget-default c-row--margin-none c-row--column-none c-row--style-fixed siteorigin-panels-stretch panel-row-style panel-row-style-for-2983-0\" data-stretch-type=\"full-width-stretch\" ><div id=\"pgc-2983-0-0\"  class=\"panel-grid-cell\" ><div id=\"panel-2983-0-0-0\" class=\"so-panel widget widget_cn-core-static-menu-widget panel-first-child panel-last-child\" data-index=\"0\" ><div\n\t\t\t\n\t\t\tclass=\"so-widget-cn-core-static-menu-widget so-widget-cn-core-static-menu-widget-base\"\n\t\t\t\n\t\t>\n<nav class=\"c-ancestors \">\n  <h4 class=\"c-ancestors__heading\"><\/h4>\n\n  <ul class=\"menu\">\n\n                <li class=\"c-ancestors__page \/ menu__item \">\n        <a  class=\"c-button  no-variation\" href=\"https:\/\/www.portobellohotel.com\/are-you-curious\/our-story\/\">\n    Notre histoire<\/a>\n\n\n\n              <\/li>\n                <li class=\"c-ancestors__page \/ menu__item \">\n        <a  class=\"c-button  no-variation\" href=\"https:\/\/www.portobellohotel.com\/are-you-curious\/design\/\">\n    Design<\/a>\n\n\n\n              <\/li>\n                <li class=\"c-ancestors__page \/ menu__item \">\n        <a  class=\"c-button  no-variation\" href=\"https:\/\/www.portobellohotel.com\/are-you-curious\/get-curious-members\/\">\n    Membres<\/a>\n\n\n\n              <\/li>\n      <\/ul>\n\n<\/nav>\n<\/div><\/div><\/div><\/div><\/div><div id=\"pg-2983-1\"  class=\"panel-grid panel-has-style\" ><div class=\"c-row--valign-default c-row--widget-none c-row--margin-small c-row--column-none siteorigin-panels-stretch panel-row-style panel-row-style-for-2983-1\" data-stretch-type=\"full-width-stretch\" ><div id=\"pgc-2983-1-0\"  class=\"panel-grid-cell\" ><div id=\"panel-2983-1-0-0\" class=\"so-panel widget widget_cn-core-hero-widget panel-first-child panel-last-child\" data-index=\"1\" ><div\n\t\t\t\n\t\t\tclass=\"so-widget-cn-core-hero-widget so-widget-cn-core-hero-widget-base\"\n\t\t\t\n\t\t><section class=\"c-hero c-hero--short\">\n    <div class=\"c-hero__inner\">\n        \n        <div class=\"c-hero__content\">\n\n                            <h1 class=\"c-hero__heading\">\n                    D\u00eener \u00e0 l'h\u00f4tel Portobello                <\/h1>\n            \n                            <p class=\"c-hero__subheading\">\n                    Alimentation et boissons                <\/p>\n                    <\/div>\n\n        \n    <\/div>\n\n\n\n    \n    \n    <div data-src=\"https:\/\/hotelcms-production.imgix.net\/portobellohotel.com\/wp-content\/uploads\/2018\/12\/Portobello_SP_6188.jpg\" data-crop=\"\" class=\"imgix-fluid  crop \/ c-hero__background\"><\/div><noscript><div style=\"background-image: url(https:\/\/hotelcms-production.imgix.net\/portobellohotel.com\/wp-content\/uploads\/2018\/12\/Portobello_SP_6188.jpg);\" class=\"crop \/ c-hero__background\" ><\/div><\/noscript>\n    \n    <\/section>\n<\/div><\/div><\/div><\/div><\/div><div id=\"pg-2983-2\"  class=\"panel-grid panel-has-style\" ><div class=\"c-row--valign-default c-row--widget-none c-row--margin-small c-row--column-default panel-row-style panel-row-style-for-2983-2\" ><div id=\"pgc-2983-2-0\"  class=\"panel-grid-cell\" ><div id=\"panel-2983-2-0-0\" class=\"so-panel widget widget_cn-core-cta-widget panel-first-child panel-last-child\" data-index=\"2\" ><div\n\t\t\t\n\t\t\tclass=\"so-widget-cn-core-cta-widget so-widget-cn-core-cta-widget-base\"\n\t\t\t\n\t\t><div class=\"c-cta c-cta--layout-image-left no-variation has-background\">\n\n    <div class=\"c-cta__content\">\n\n        <div class=\"c-cta__inner\">\n\n                            <a href=\"https:\/\/hotelcms-production.imgix.net\/portobellohotel.com\/wp-content\/uploads\/2022\/07\/Breakfast-Portobello-2022.pdf?fm=pdf\" class=\"c-cta__anchor\" target=\"_blank\">\n            \n            \n            \n            \n                <div class=\"c-cta__headings\">\n\n                \n                                    <h2 class=\"c-cta__heading\">\n                        Petit-d\u00e9jeuner                    <\/h2>\n                \n                \n                <\/div>\n\n            \n            \n                            <\/a>\n            \n                            <div class=\"c-cta__text \/ s-entry\">\n                    <p>Le petit-d\u00e9jeuner est servi dans notre salon et comprend une s\u00e9lection de jus de fruits frais, du th\u00e9, du caf\u00e9, des c\u00e9r\u00e9ales, des viennoiseries, des yaourts, de la charcuterie, du fromage, des toasts, des fruits frais ou un petit-d\u00e9jeuner cuisin\u00e9. Vous pouvez le d\u00e9guster en bas ou dans l'intimit\u00e9 de votre chambre.<\/p>\n                <\/div>\n            \n            \n                            <div class=\"c-cta__buttons\">\n                    <a  class=\"c-button button \/ c-cta__button  no-variation\" target=\"_blank\" href=\"https:\/\/hotelcms-production.imgix.net\/portobellohotel.com\/wp-content\/uploads\/2022\/07\/Breakfast-Portobello-2022.pdf?fm=pdf\">\n    Menu Affichage<\/a>\n\n\n                <\/div>\n            \n                    <\/div>\n\n    <\/div>\n\n    \n            <div data-src=\"https:\/\/hotelcms-production.imgix.net\/portobellohotel.com\/wp-content\/uploads\/2018\/12\/Portobello_SP_6230.jpg\" data-crop=\"\" class=\"imgix-fluid  crop \/ c-background c-cta__background\"><\/div><noscript><div style=\"background-image: url(https:\/\/hotelcms-production.imgix.net\/portobellohotel.com\/wp-content\/uploads\/2018\/12\/Portobello_SP_6230.jpg);\" class=\"crop \/ c-background c-cta__background\" ><\/div><\/noscript>    \n            <a href=\"https:\/\/hotelcms-production.imgix.net\/portobellohotel.com\/wp-content\/uploads\/2022\/07\/Breakfast-Portobello-2022.pdf?fm=pdf\" class=\"c-cta__detached-anchor\" target=\"_blank\" target=\"_blank\" href=\"https:\/\/hotelcms-production.imgix.net\/portobellohotel.com\/wp-content\/uploads\/2022\/07\/Breakfast-Portobello-2022.pdf?fm=pdf\"><\/a>\n    \n<\/div>\n\n<\/div><\/div><\/div><\/div><\/div><div id=\"pg-2983-3\"  class=\"panel-grid panel-has-style\" ><div class=\"c-row--valign-default c-row--widget-none c-row--margin-small c-row--column-default panel-row-style panel-row-style-for-2983-3\" ><div id=\"pgc-2983-3-0\"  class=\"panel-grid-cell\" ><div id=\"panel-2983-3-0-0\" class=\"so-panel widget widget_cn-core-cta-widget panel-first-child panel-last-child\" data-index=\"3\" ><div\n\t\t\t\n\t\t\tclass=\"so-widget-cn-core-cta-widget so-widget-cn-core-cta-widget-base\"\n\t\t\t\n\t\t><div class=\"c-cta c-cta--layout-image-right no-variation has-background\">\n\n    <div class=\"c-cta__content\">\n\n        <div class=\"c-cta__inner\">\n\n            \n            \n            \n            \n                <div class=\"c-cta__headings\">\n\n                \n                                    <h2 class=\"c-cta__heading\">\n                        Barre d'honn\u00eatet\u00e9                    <\/h2>\n                \n                \n                <\/div>\n\n            \n            \n            \n                            <div class=\"c-cta__text \/ s-entry\">\n                    <p>Le salon devient un lieu de d\u00e9tente o\u00f9 l'on peut boire un verre et profiter de la vue sur les jardins priv\u00e9s. Avec une s\u00e9lection de spiritueux et de liqueurs de brasseurs locaux disponibles dans notre Honesty Bar, des verres taill\u00e9s dans du cristal et des trouvailles d'antiquaires, c'est l'endroit id\u00e9al pour se d\u00e9tendre et se relaxer.<\/p>\n                <\/div>\n            \n            \n            \n                    <\/div>\n\n    <\/div>\n\n    \n            <div data-src=\"https:\/\/hotelcms-production.imgix.net\/portobellohotel.com\/wp-content\/uploads\/2018\/11\/Honesty-Bar-1.jpg\" data-crop=\"centre\" class=\"imgix-fluid  crop \/ c-background c-cta__background\"><\/div><noscript><div style=\"background-image: url(https:\/\/hotelcms-production.imgix.net\/portobellohotel.com\/wp-content\/uploads\/2018\/11\/Honesty-Bar-1.jpg);\" class=\"crop \/ c-background c-cta__background\" ><\/div><\/noscript>    \n    \n<\/div>\n\n<\/div><\/div><\/div><\/div><\/div><div id=\"pg-2983-4\"  class=\"panel-grid panel-no-style\" ><div id=\"pgc-2983-4-0\"  class=\"panel-grid-cell\" ><div id=\"panel-2983-4-0-0\" class=\"so-panel widget widget_cn-core-cta-widget panel-first-child panel-last-child\" data-index=\"4\" ><div\n\t\t\t\n\t\t\tclass=\"so-widget-cn-core-cta-widget so-widget-cn-core-cta-widget-base\"\n\t\t\t\n\t\t><div class=\"c-cta c-cta--layout-image-left no-variation has-background\">\n\n    <div class=\"c-cta__content\">\n\n        <div class=\"c-cta__inner\">\n\n                            <a href=\"https:\/\/hotelcms-production.imgix.net\/portobellohotel.com\/wp-content\/uploads\/2022\/08\/Portobello-Bedroom-Menu-Mini-Bar-Room-Service.pdf?fm=pdf\" class=\"c-cta__anchor\" target=\"_blank\">\n            \n            \n            \n            \n                <div class=\"c-cta__headings\">\n\n                \n                                    <h2 class=\"c-cta__heading\">\n                        Service en chambre                    <\/h2>\n                \n                \n                <\/div>\n\n            \n            \n                            <\/a>\n            \n                            <div class=\"c-cta__text \/ s-entry\">\n                    <p>Chacune de nos chambres est remplie d'une d\u00e9licieuse s\u00e9lection de friandises du minibar que vous pourrez d\u00e9guster pendant votre s\u00e9jour. Nous proposons \u00e9galement un d\u00e9licieux menu de collations l\u00e9g\u00e8res que vous pourrez savourer dans le confort de votre chambre, le tout accompagn\u00e9 bien s\u00fbr d'une belle s\u00e9lection de boissons et de digestifs.<\/p>\n                <\/div>\n            \n            \n                            <div class=\"c-cta__buttons\">\n                    <a  class=\"c-button button \/ c-cta__button  no-variation\" target=\"_blank\" href=\"https:\/\/hotelcms-production.imgix.net\/portobellohotel.com\/wp-content\/uploads\/2022\/08\/Portobello-Bedroom-Menu-Mini-Bar-Room-Service.pdf?fm=pdf\">\n    Menu Affichage<\/a>\n\n\n                <\/div>\n            \n                    <\/div>\n\n    <\/div>\n\n    \n            <div data-src=\"https:\/\/hotelcms-production.imgix.net\/portobellohotel.com\/wp-content\/uploads\/2018\/12\/PortobelloAF6A0376.jpg\" data-crop=\"\" class=\"imgix-fluid  crop \/ c-background c-cta__background\"><\/div><noscript><div style=\"background-image: url(https:\/\/hotelcms-production.imgix.net\/portobellohotel.com\/wp-content\/uploads\/2018\/12\/PortobelloAF6A0376.jpg);\" class=\"crop \/ c-background c-cta__background\" ><\/div><\/noscript>    \n            <a href=\"https:\/\/hotelcms-production.imgix.net\/portobellohotel.com\/wp-content\/uploads\/2022\/08\/Portobello-Bedroom-Menu-Mini-Bar-Room-Service.pdf?fm=pdf\" class=\"c-cta__detached-anchor\" target=\"_blank\" target=\"_blank\" href=\"https:\/\/hotelcms-production.imgix.net\/portobellohotel.com\/wp-content\/uploads\/2022\/08\/Portobello-Bedroom-Menu-Mini-Bar-Room-Service.pdf?fm=pdf\"><\/a>\n    \n<\/div>\n\n<\/div><\/div><\/div><\/div><div id=\"pg-2983-5\"  class=\"panel-grid panel-has-style\" ><div class=\"c-row--valign-default c-row--widget-default c-row--margin-none c-row--column-default siteorigin-panels-stretch panel-row-style panel-row-style-for-2983-5\" data-stretch-type=\"full-width-stretch\" ><div id=\"pgc-2983-5-0\"  class=\"panel-grid-cell panel-grid-cell-empty\" ><\/div><\/div><\/div><\/div>","protected":false},"excerpt":{"rendered":"<p>Notre histoire Design Membres D\u00eener \u00e0 l&#8217;h\u00f4tel Portobello Alimentation et boissons Petit-d\u00e9jeuner Le petit-d\u00e9jeuner est servi dans notre salon et comprend une s\u00e9lection de jus de fruits frais, du th\u00e9, du caf\u00e9, des c\u00e9r\u00e9ales, des viennoiseries, des yaourts, de la charcuterie, du fromage, des toasts, des fruits frais ou un petit-d\u00e9jeuner cuisin\u00e9. Vous pouvez le &hellip;<\/p>\n","protected":false},"author":2,"featured_media":2094,"parent":2977,"menu_order":4,"comment_status":"closed","ping_status":"closed","template":"","meta":{"_acf_changed":false,"footnotes":""},"class_list":["post--2983","post--page","post--type-page","post--status-publish","post--has-post-thumbnail","post--hentry"],"acf":[],"_links":{"self":[{"href":"https:\/\/www.portobellohotel.com\/fr\/wp-json\/wp\/v2\/pages\/2983","targetHints":{"allow":["GET"]}}],"collection":[{"href":"https:\/\/www.portobellohotel.com\/fr\/wp-json\/wp\/v2\/pages"}],"about":[{"href":"https:\/\/www.portobellohotel.com\/fr\/wp-json\/wp\/v2\/types\/page"}],"author":[{"embeddable":true,"href":"https:\/\/www.portobellohotel.com\/fr\/wp-json\/wp\/v2\/users\/2"}],"replies":[{"embeddable":true,"href":"https:\/\/www.portobellohotel.com\/fr\/wp-json\/wp\/v2\/comments?post=2983"}],"version-history":[{"count":4,"href":"https:\/\/www.portobellohotel.com\/fr\/wp-json\/wp\/v2\/pages\/2983\/revisions"}],"predecessor-version":[{"id":3230,"href":"https:\/\/www.portobellohotel.com\/fr\/wp-json\/wp\/v2\/pages\/2983\/revisions\/3230"}],"up":[{"embeddable":true,"href":"https:\/\/www.portobellohotel.com\/fr\/wp-json\/wp\/v2\/pages\/2977"}],"wp:featuredmedia":[{"embeddable":true,"href":"https:\/\/www.portobellohotel.com\/fr\/wp-json\/wp\/v2\/media\/2094"}],"wp:attachment":[{"href":"https:\/\/www.portobellohotel.com\/fr\/wp-json\/wp\/v2\/media?parent=2983"}],"curies":[{"name":"wp","href":"https:\/\/api.w.org\/{rel}","templated":true}]}}