{"id":2984,"date":"2018-11-02T12:27:00","date_gmt":"2018-11-02T12:27:00","guid":{"rendered":"https:\/\/portobellohotel.testingcreative.co.uk\/are-you-curious\/get-curious-members\/"},"modified":"2025-03-11T16:49:11","modified_gmt":"2025-03-11T16:49:11","slug":"get-curious-members","status":"publish","type":"page","link":"https:\/\/www.portobellohotel.com\/fr\/are-you-curious\/get-curious-members\/","title":{"rendered":"Get Curious Membership FR"},"content":{"rendered":"<div id=\"pl-2984\"  class=\"panel-layout\" ><div id=\"pg-2984-0\"  class=\"panel-grid panel-has-style\" ><div class=\"c-row--valign-default c-row--widget-default c-row--margin-none c-row--column-none c-row--style-fixed siteorigin-panels-stretch panel-row-style panel-row-style-for-2984-0\" data-stretch-type=\"full-width-stretch\" ><div id=\"pgc-2984-0-0\"  class=\"panel-grid-cell\" ><div id=\"panel-2984-0-0-0\" class=\"so-panel widget widget_cn-core-static-menu-widget panel-first-child panel-last-child\" data-index=\"0\" ><div\n\t\t\t\n\t\t\tclass=\"so-widget-cn-core-static-menu-widget so-widget-cn-core-static-menu-widget-base\"\n\t\t\t\n\t\t>\n<nav class=\"c-ancestors \">\n  <h4 class=\"c-ancestors__heading\"><\/h4>\n\n  <ul class=\"menu\">\n\n                <li class=\"c-ancestors__page \/ menu__item \">\n        <a  class=\"c-button  no-variation\" href=\"https:\/\/www.portobellohotel.com\/are-you-curious\/\">\n    \u00cates-vous curieux ?<\/a>\n\n\n\n              <\/li>\n                <li class=\"c-ancestors__page \/ menu__item \">\n        <a  class=\"c-button  no-variation\" href=\"https:\/\/www.portobellohotel.com\/are-you-curious\/design\/\">\n    Design<\/a>\n\n\n\n              <\/li>\n                <li class=\"c-ancestors__page \/ menu__item \">\n        <a  class=\"c-button  no-variation\" href=\"https:\/\/www.portobellohotel.com\/are-you-curious\/our-story\/\">\n    Notre histoire<\/a>\n\n\n\n              <\/li>\n                <li class=\"c-ancestors__page \/ menu__item \">\n        <a  class=\"c-button  no-variation\" href=\"https:\/\/www.portobellohotel.com\/are-you-curious\/food-drink\/\">\n    Alimentation et boissons<\/a>\n\n\n\n              <\/li>\n      <\/ul>\n\n<\/nav>\n<\/div><\/div><\/div><\/div><\/div><div id=\"pg-2984-1\"  class=\"panel-grid panel-has-style\" ><div class=\"c-row--valign-default c-row--widget-none c-row--margin-small c-row--column-none siteorigin-panels-stretch panel-row-style panel-row-style-for-2984-1\" data-stretch-type=\"full-width-stretch\" ><div id=\"pgc-2984-1-0\"  class=\"panel-grid-cell\" ><div id=\"panel-2984-1-0-0\" class=\"so-panel widget widget_cn-core-hero-widget panel-first-child panel-last-child\" data-index=\"1\" ><div\n\t\t\t\n\t\t\tclass=\"so-widget-cn-core-hero-widget so-widget-cn-core-hero-widget-base\"\n\t\t\t\n\t\t><section class=\"c-hero c-hero--short\">\n    <div class=\"c-hero__inner\">\n        \n        <div class=\"c-hero__content\">\n\n                            <h1 class=\"c-hero__heading\">\n                    Adh\u00e9sion au programme de fid\u00e9lit\u00e9 A Curious Group of Hotels                <\/h1>\n            \n                            <p class=\"c-hero__subheading\">\n                    Get Curious                <\/p>\n                    <\/div>\n\n        \n    <\/div>\n\n\n\n    \n    \n    <div data-src=\"https:\/\/hotelcms-production.imgix.net\/portobellohotel.com\/wp-content\/uploads\/2018\/12\/PortobelloAF6A0761.jpg\" data-crop=\"\" class=\"imgix-fluid  crop \/ c-hero__background\"><\/div><noscript><div style=\"background-image: url(https:\/\/hotelcms-production.imgix.net\/portobellohotel.com\/wp-content\/uploads\/2018\/12\/PortobelloAF6A0761.jpg);\" class=\"crop \/ c-hero__background\" ><\/div><\/noscript>\n    \n    <\/section>\n<\/div><\/div><\/div><\/div><\/div><div id=\"pg-2984-2\"  class=\"panel-grid panel-no-style\" ><div id=\"pgc-2984-2-0\"  class=\"panel-grid-cell\" ><div id=\"panel-2984-2-0-0\" class=\"so-panel widget widget_cn-core-cta-widget panel-first-child panel-last-child\" data-index=\"2\" ><div\n\t\t\t\n\t\t\tclass=\"so-widget-cn-core-cta-widget so-widget-cn-core-cta-widget-base\"\n\t\t\t\n\t\t><div class=\"c-cta c-cta--lead no-variation\">\n\n    <div class=\"c-cta__content\">\n\n        <div class=\"c-cta__inner\">\n\n                            <a href=\"https:\/\/mailchi.mp\/curioushotels.com\/getcurious\" class=\"c-cta__anchor\" target=\"_blank\" rel=\"noopener\">\n            \n            \n            \n            \n            \n                            <\/a>\n            \n                            <div class=\"c-cta__text \/ s-entry\">\n                    <p>\u00ab Get Curious \u00bb pr\u00e9sente les \u00e9v\u00e9nements et les actualit\u00e9s de nos \u00e9tablissements dans des newsletters et des blogs r\u00e9guliers. Plus int\u00e9ressant encore, l'adh\u00e9sion \u00e0 Get Curious vous donne un acc\u00e8s exclusif \u00e0 des offres et des avantages, notamment 10 % de r\u00e9duction et des surclassements gratuits dans nos h\u00f4tels. Situ\u00e9s dans les hauts lieux culturels de Paris, Amsterdam, Londres et Brighton, nos h\u00f4tels sont riches en patrimoine, en histoire et en culture. Chacun de nos h\u00f4tels est unique, avec un design impeccable et un service convivial et accessible.<\/p>\n                <\/div>\n            \n            \n                            <div class=\"c-cta__buttons\">\n                    <a class=\"c-button button \/ c-cta__button  c-button--conversion\" target=\"_blank\" href=\"https:\/\/mailchi.mp\/curioushotels.com\/getcurious\" rel=\"noopener\">\n    S'inscrire pour devenir membre<\/a>\n\n\n                <\/div>\n            \n                    <\/div>\n\n    <\/div>\n\n    \n    \n            <a href=\"https:\/\/mailchi.mp\/curioushotels.com\/getcurious\" class=\"c-cta__detached-anchor\" target=\"_blank\" rel=\"noopener\"><\/a>\n    \n<\/div>\n\n<\/div><\/div><\/div><\/div><div id=\"pg-2984-3\"  class=\"panel-grid panel-has-style\" ><div class=\"c-row--valign-default c-row--widget-none c-row--margin-small c-row--column-default panel-row-style panel-row-style-for-2984-3\" ><div id=\"pgc-2984-3-0\"  class=\"panel-grid-cell\" ><div id=\"panel-2984-3-0-0\" class=\"so-panel widget widget_cn-core-cta-widget panel-first-child panel-last-child\" data-index=\"3\" ><div\n\t\t\t\n\t\t\tclass=\"so-widget-cn-core-cta-widget so-widget-cn-core-cta-widget-base\"\n\t\t\t\n\t\t><div class=\"c-cta c-cta--layout-image-left no-variation has-background\">\n\n    <div class=\"c-cta__content\">\n\n        <div class=\"c-cta__inner\">\n\n                            <a href=\"http:\/\/www.l-hotel.com\" class=\"c-cta__anchor\" target=\"_blank\" rel=\"noopener\">\n            \n            \n                          <div class=\"img-fit\">\n                <img decoding=\"async\" data-src=\"https:\/\/hotelcms-production.imgix.net\/portobellohotel.com\/wp-content\/uploads\/2018\/11\/LHotel_Logo.png\" data-crop=\"\" src=\"data:image\/gif;base64,R0lGODlhBAADAIAAAAAAAAAAACH5BAEAAAAALAAAAAAEAAMAAAIDhI9WADs=\" class=\"imgix-fluid \/ c-cta__image\" alt=\"\"  \/><noscript><img decoding=\"async\" src=\"https:\/\/hotelcms-production.imgix.net\/portobellohotel.com\/wp-content\/uploads\/2018\/11\/LHotel_Logo.png\" class=\"c-cta__image\" alt=\"\"  \/><\/noscript>              <\/div>\n            \n            \n                <div class=\"c-cta__headings\">\n\n                \n                                    <h2 class=\"c-cta__heading\">\n                        L'Hotel, Paris                    <\/h2>\n                \n                \n                <\/div>\n\n            \n            \n                            <\/a>\n            \n                            <div class=\"c-cta__text \/ s-entry\">\n                    <p>Plus petit h\u00f4tel cinq \u00e9toiles de Paris, L'H\u00f4tel est un refuge secret depuis deux si\u00e8cles. Avec son charme et son glamour typiquement fran\u00e7ais, L'H\u00f4tel est nich\u00e9 au c\u0153ur de la Rive Gauche, au milieu des richesses culturelles, de l'\u00e2me boh\u00e8me et de la haute couture de Saint-Germain-des-Pr\u00e9s.<\/p>\n<p>Derni\u00e8re demeure d'Oscar Wilde et c\u0153ur de la soci\u00e9t\u00e9 parisienne dans les ann\u00e9es 1960, l'h\u00f4tel a \u00e9t\u00e9 r\u00e9nov\u00e9 par le c\u00e9l\u00e8bre designer Jacques Garcia. Il abrite le salon de Wilde, un bar \u00e0 cocktails chic o\u00f9 des concerts sont organis\u00e9s tous les jeudis.<\/p>\n                <\/div>\n            \n            \n                            <div class=\"c-cta__buttons\">\n                    <a class=\"c-button button \/ c-cta__button  no-variation\" target=\"_blank\" href=\"http:\/\/www.l-hotel.com\" rel=\"noopener\">\n    Website<\/a>\n\n\n<a  class=\"c-button  c-cta__button c-cta__button--secondary no-variation\" href=\"mailto:%20stay@l-hotel.com\">\n    Contact<\/a>\n\n\n                <\/div>\n            \n                    <\/div>\n\n    <\/div>\n\n    \n            <div data-src=\"https:\/\/hotelcms-production.imgix.net\/portobellohotel.com\/wp-content\/uploads\/2018\/12\/2018_Curious_Lhotel_Options-471_SP_0851.jpg\" data-crop=\"\" class=\"imgix-fluid  crop \/ c-background c-cta__background\"><\/div><noscript><div style=\"background-image: url(https:\/\/hotelcms-production.imgix.net\/portobellohotel.com\/wp-content\/uploads\/2018\/12\/2018_Curious_Lhotel_Options-471_SP_0851.jpg);\" class=\"crop \/ c-background c-cta__background\" ><\/div><\/noscript>    \n            <a href=\"http:\/\/www.l-hotel.com\" class=\"c-cta__detached-anchor\" target=\"_blank\" rel=\"noopener\"><\/a>\n    \n<\/div>\n\n<\/div><\/div><\/div><\/div><\/div><div id=\"pg-2984-4\"  class=\"panel-grid panel-has-style\" ><div class=\"c-row--valign-default c-row--widget-none c-row--margin-small c-row--column-default panel-row-style panel-row-style-for-2984-4\" ><div id=\"pgc-2984-4-0\"  class=\"panel-grid-cell\" ><div id=\"panel-2984-4-0-0\" class=\"so-panel widget widget_cn-core-cta-widget panel-first-child panel-last-child\" data-index=\"4\" ><div\n\t\t\t\n\t\t\tclass=\"so-widget-cn-core-cta-widget so-widget-cn-core-cta-widget-base\"\n\t\t\t\n\t\t><div class=\"c-cta c-cta--layout-image-right no-variation has-background\">\n\n    <div class=\"c-cta__content\">\n\n        <div class=\"c-cta__inner\">\n\n                            <a href=\"http:\/\/www.canalhouse.nl\" class=\"c-cta__anchor\" target=\"_blank\" rel=\"noopener\">\n            \n            \n                          <div class=\"img-fit\">\n                <img decoding=\"async\" data-src=\"https:\/\/hotelcms-production.imgix.net\/portobellohotel.com\/wp-content\/uploads\/2018\/11\/Canal_House_black.svg\" data-crop=\"\" src=\"data:image\/gif;base64,R0lGODlhBAADAIAAAAAAAAAAACH5BAEAAAAALAAAAAAEAAMAAAIDhI9WADs=\" class=\"imgix-fluid \/ c-cta__image\" alt=\"\"  \/><noscript><img decoding=\"async\" src=\"https:\/\/hotelcms-production.imgix.net\/portobellohotel.com\/wp-content\/uploads\/2018\/11\/Canal_House_black.svg\" class=\"c-cta__image\" alt=\"\"  \/><\/noscript>              <\/div>\n            \n            \n                <div class=\"c-cta__headings\">\n\n                \n                                    <h2 class=\"c-cta__heading\">\n                        Canal House, Amsterdam                    <\/h2>\n                \n                \n                <\/div>\n\n            \n            \n                            <\/a>\n            \n                            <div class=\"c-cta__text \/ s-entry\">\n                    <p>Situ\u00e9 au c\u0153ur du Jordaan, le centre culturel d'Amsterdam, le Canal House est un h\u00f4tel de charme de 23 chambres situ\u00e9 sur le Keizergracht et compos\u00e9 de maisons de marchands du XVIIe si\u00e8cle.<\/p>\n<p>Situ\u00e9 au c\u0153ur du Amsterdam du XXIe si\u00e8cle, le design est glamour, contemporain et confortable, mais rappelle la riche histoire du b\u00e2timent et des environs. Avec un grand jardin, une maison de jardin et une maison d'\u00e9t\u00e9 pour les r\u00e9unions priv\u00e9es, un bar et une grande salle, il y a de nombreux espaces pour boire, se d\u00e9tendre et faire la f\u00eate.<\/p>\n                <\/div>\n            \n            \n                            <div class=\"c-cta__buttons\">\n                    <a class=\"c-button button \/ c-cta__button  no-variation\" target=\"_blank\" href=\"http:\/\/www.canalhouse.nl\" rel=\"noopener\">\n    Website<\/a>\n\n\n<a  class=\"c-button  c-cta__button c-cta__button--secondary no-variation\" href=\"mailto:reservations@canalhouse.nl\">\n    Contact<\/a>\n\n\n                <\/div>\n            \n                    <\/div>\n\n    <\/div>\n\n    \n            <div data-src=\"https:\/\/hotelcms-production.imgix.net\/portobellohotel.com\/wp-content\/uploads\/2018\/12\/CanalHouseAF6A9413stack.jpg\" data-crop=\"\" class=\"imgix-fluid  crop \/ c-background c-cta__background\"><\/div><noscript><div style=\"background-image: url(https:\/\/hotelcms-production.imgix.net\/portobellohotel.com\/wp-content\/uploads\/2018\/12\/CanalHouseAF6A9413stack.jpg);\" class=\"crop \/ c-background c-cta__background\" ><\/div><\/noscript>    \n            <a href=\"http:\/\/www.canalhouse.nl\" class=\"c-cta__detached-anchor\" target=\"_blank\" rel=\"noopener\"><\/a>\n    \n<\/div>\n\n<\/div><\/div><\/div><\/div><\/div><div id=\"pg-2984-5\"  class=\"panel-grid panel-has-style\" ><div class=\"c-row--valign-default c-row--widget-none c-row--margin-small c-row--column-default panel-row-style panel-row-style-for-2984-5\" ><div id=\"pgc-2984-5-0\"  class=\"panel-grid-cell\" ><div id=\"panel-2984-5-0-0\" class=\"so-panel widget widget_cn-core-cta-widget panel-first-child panel-last-child\" data-index=\"5\" ><div\n\t\t\t\n\t\t\tclass=\"so-widget-cn-core-cta-widget so-widget-cn-core-cta-widget-base\"\n\t\t\t\n\t\t><div class=\"c-cta c-cta--layout-image-left no-variation has-background\">\n\n    <div class=\"c-cta__content\">\n\n        <div class=\"c-cta__inner\">\n\n                            <a href=\"http:\/\/www.drakeshotel.com\" class=\"c-cta__anchor\" target=\"_blank\" rel=\"noopener\">\n            \n            \n            \n            \n                <div class=\"c-cta__headings\">\n\n                \n                                    <h2 class=\"c-cta__heading\">\n                        Drakes Hotel, Brighton                    <\/h2>\n                \n                \n                <\/div>\n\n            \n            \n                            <\/a>\n            \n                            <div class=\"c-cta__text \/ s-entry\">\n                    <p>Situ\u00e9 en bord de mer, au c\u0153ur de Brighton, le Drakes est l'h\u00f4tel baln\u00e9aire britannique par excellence. Avec une vue spectaculaire sur la Manche, un emplacement privil\u00e9gi\u00e9 en bord de plage et au c\u0153ur de Kemptown, il est difficile d'imaginer un cadre plus magnifique sur la c\u00f4te sud du Royaume-Uni. Install\u00e9 dans deux spectaculaires demeures du XIXe si\u00e8cle et abritant un bar \u00e0 cocktails et un restaurant, le Drakes est devenu le dernier membre de la famille Curious en juin 2023 - et est le parfait compl\u00e9ment des autres h\u00f4tels du groupe.<\/p>\n                <\/div>\n            \n            \n                            <div class=\"c-cta__buttons\">\n                    <a class=\"c-button button \/ c-cta__button  no-variation\" target=\"_blank\" href=\"http:\/\/www.drakeshotel.com\" rel=\"noopener\">\n    Website<\/a>\n\n\n<a  class=\"c-button  c-cta__button c-cta__button--secondary no-variation\" href=\"mailto:%20stay@drakesofbrighton.com\">\n    Contact<\/a>\n\n\n                <\/div>\n            \n                    <\/div>\n\n    <\/div>\n\n    \n            <div data-src=\"https:\/\/hotelcms-production.imgix.net\/portobellohotel.com\/wp-content\/uploads\/2023\/06\/Sea-Bath-Telescope-104.jpg\" data-crop=\"\" class=\"imgix-fluid  crop \/ c-background c-cta__background\" data-caption=\"Room 104. Drakes Hotel Bedrooms. photo \u00a9Julia Claxton\"><\/div><noscript><div style=\"background-image: url(https:\/\/hotelcms-production.imgix.net\/portobellohotel.com\/wp-content\/uploads\/2023\/06\/Sea-Bath-Telescope-104.jpg);\" class=\"crop \/ c-background c-cta__background\" ><\/div><\/noscript>    \n            <a href=\"http:\/\/www.drakeshotel.com\" class=\"c-cta__detached-anchor\" target=\"_blank\" rel=\"noopener\"><\/a>\n    \n<\/div>\n\n<\/div><\/div><\/div><\/div><\/div><div id=\"pg-2984-6\"  class=\"panel-grid panel-has-style\" ><div class=\"c-row--valign-default c-row--widget-default c-row--margin-none c-row--column-default siteorigin-panels-stretch panel-row-style panel-row-style-for-2984-6\" data-stretch-type=\"full-width-stretch\" ><div id=\"pgc-2984-6-0\"  class=\"panel-grid-cell\" ><div id=\"panel-2984-6-0-0\" class=\"so-panel widget widget_cn-core-cta-widget panel-first-child panel-last-child\" data-index=\"6\" ><div\n\t\t\t\n\t\t\tclass=\"so-widget-cn-core-cta-widget so-widget-cn-core-cta-widget-base\"\n\t\t\t\n\t\t><div class=\"c-cta c-cta--layout-breaker no-variation has-background\">\n\n    <div class=\"c-cta__content\">\n\n        <div class=\"c-cta__inner\">\n\n                            <a href=\"https:\/\/mailchi.mp\/curioushotels.com\/getcurious\" class=\"c-cta__anchor\" target=\"_blank\" rel=\"noopener\">\n            \n            \n            \n            \n                <div class=\"c-cta__headings\">\n\n                                    <p class=\"c-cta__preheading\">\n                        Vous souhaitez acc\u00e9der \u00e0 des offres et avantages exclusifs ?                    <\/p>\n                \n                                    <h2 class=\"c-cta__heading\">\n                        S'inscrire pour devenir membre                    <\/h2>\n                \n                \n                <\/div>\n\n            \n            \n                            <\/a>\n            \n            \n            \n                            <div class=\"c-cta__buttons\">\n                    <a class=\"c-button button \/ c-cta__button  no-variation\" target=\"_blank\" href=\"https:\/\/mailchi.mp\/curioushotels.com\/getcurious\" rel=\"noopener\">\n    Nous contacter<\/a>\n\n\n                <\/div>\n            \n                    <\/div>\n\n    <\/div>\n\n    \n            <div data-src=\"https:\/\/hotelcms-production.imgix.net\/portobellohotel.com\/wp-content\/uploads\/2018\/11\/DSC1423lkm.jpg\" data-crop=\"\" class=\"imgix-fluid  crop \/ c-background c-cta__background\"><\/div><noscript><div style=\"background-image: url(https:\/\/hotelcms-production.imgix.net\/portobellohotel.com\/wp-content\/uploads\/2018\/11\/DSC1423lkm.jpg);\" class=\"crop \/ c-background c-cta__background\" ><\/div><\/noscript>    \n            <a href=\"https:\/\/mailchi.mp\/curioushotels.com\/getcurious\" class=\"c-cta__detached-anchor\" target=\"_blank\" rel=\"noopener\"><\/a>\n    \n<\/div>\n\n<\/div><\/div><\/div><\/div><\/div><\/div>","protected":false},"excerpt":{"rendered":"<p>\u00cates-vous curieux ? Design Notre histoire Alimentation et boissons Adh\u00e9sion au programme de fid\u00e9lit\u00e9 A Curious Group of Hotels Get Curious \u00ab Get Curious \u00bb pr\u00e9sente les \u00e9v\u00e9nements et les actualit\u00e9s de nos \u00e9tablissements dans des newsletters et des blogs r\u00e9guliers. Plus int\u00e9ressant encore, l&#8217;adh\u00e9sion \u00e0 Get Curious vous donne un acc\u00e8s exclusif \u00e0 des &hellip;<\/p>\n","protected":false},"author":2,"featured_media":1757,"parent":2977,"menu_order":5,"comment_status":"closed","ping_status":"closed","template":"","meta":{"_acf_changed":false,"footnotes":""},"class_list":["post--2984","post--page","post--type-page","post--status-publish","post--has-post-thumbnail","post--hentry"],"acf":[],"_links":{"self":[{"href":"https:\/\/www.portobellohotel.com\/fr\/wp-json\/wp\/v2\/pages\/2984","targetHints":{"allow":["GET"]}}],"collection":[{"href":"https:\/\/www.portobellohotel.com\/fr\/wp-json\/wp\/v2\/pages"}],"about":[{"href":"https:\/\/www.portobellohotel.com\/fr\/wp-json\/wp\/v2\/types\/page"}],"author":[{"embeddable":true,"href":"https:\/\/www.portobellohotel.com\/fr\/wp-json\/wp\/v2\/users\/2"}],"replies":[{"embeddable":true,"href":"https:\/\/www.portobellohotel.com\/fr\/wp-json\/wp\/v2\/comments?post=2984"}],"version-history":[{"count":5,"href":"https:\/\/www.portobellohotel.com\/fr\/wp-json\/wp\/v2\/pages\/2984\/revisions"}],"predecessor-version":[{"id":3274,"href":"https:\/\/www.portobellohotel.com\/fr\/wp-json\/wp\/v2\/pages\/2984\/revisions\/3274"}],"up":[{"embeddable":true,"href":"https:\/\/www.portobellohotel.com\/fr\/wp-json\/wp\/v2\/pages\/2977"}],"wp:featuredmedia":[{"embeddable":true,"href":"https:\/\/www.portobellohotel.com\/fr\/wp-json\/wp\/v2\/media\/1757"}],"wp:attachment":[{"href":"https:\/\/www.portobellohotel.com\/fr\/wp-json\/wp\/v2\/media?parent=2984"}],"curies":[{"name":"wp","href":"https:\/\/api.w.org\/{rel}","templated":true}]}}