{"id":3074,"date":"2018-11-02T12:29:09","date_gmt":"2018-11-02T12:29:09","guid":{"rendered":"https:\/\/portobellohotel.testingcreative.co.uk\/thank-you\/"},"modified":"2025-03-05T13:26:03","modified_gmt":"2025-03-05T13:26:03","slug":"thank-you","status":"publish","type":"page","link":"https:\/\/www.portobellohotel.com\/fr\/contact-directions\/thank-you\/","title":{"rendered":"Thank You FR"},"content":{"rendered":"<div id=\"pl-3074\"  class=\"panel-layout\" ><div id=\"pg-3074-0\"  class=\"panel-grid panel-has-style\" ><div class=\"c-row--valign-default c-row--widget-default c-row--margin-small c-row--column-default siteorigin-panels-stretch panel-row-style panel-row-style-for-3074-0\" data-stretch-type=\"full-width-stretch\" ><div id=\"pgc-3074-0-0\"  class=\"panel-grid-cell\" ><div id=\"panel-3074-0-0-0\" class=\"so-panel widget widget_cn-core-hero-widget panel-first-child panel-last-child\" data-index=\"0\" ><div\n\t\t\t\n\t\t\tclass=\"so-widget-cn-core-hero-widget so-widget-cn-core-hero-widget-base\"\n\t\t\t\n\t\t><section class=\"c-hero c-hero--short\">\n    <div class=\"c-hero__inner\">\n        \n        <div class=\"c-hero__content\">\n\n            \n                            <p class=\"c-hero__subheading\">\n                    Merci                <\/p>\n                    <\/div>\n\n        \n    <\/div>\n\n\n\n    \n    \n    <div data-src=\"https:\/\/hotelcms-production.imgix.net\/portobellohotel.com\/wp-content\/uploads\/2018\/12\/PortobelloAF6A0561.jpg\" data-crop=\"\" class=\"imgix-fluid  crop \/ c-hero__background\"><\/div><noscript><div style=\"background-image: url(https:\/\/hotelcms-production.imgix.net\/portobellohotel.com\/wp-content\/uploads\/2018\/12\/PortobelloAF6A0561.jpg);\" class=\"crop \/ c-hero__background\" ><\/div><\/noscript>\n    \n    <\/section>\n<\/div><\/div><\/div><\/div><\/div><div id=\"pg-3074-1\"  class=\"panel-grid panel-no-style\" ><div id=\"pgc-3074-1-0\"  class=\"panel-grid-cell\" ><div id=\"panel-3074-1-0-0\" class=\"so-panel widget widget_cn-core-cta-widget panel-first-child panel-last-child\" data-index=\"1\" ><div\n\t\t\t\n\t\t\tclass=\"so-widget-cn-core-cta-widget so-widget-cn-core-cta-widget-base\"\n\t\t\t\n\t\t><div class=\"c-cta c-cta--lead no-variation\">\n\n    <div class=\"c-cta__content\">\n\n        <div class=\"c-cta__inner\">\n\n            \n            \n            \n            \n            \n            \n                            <div class=\"c-cta__text \/ s-entry\">\n                    <p>Merci de nous avoir contact\u00e9s ici \u00e0 l'h\u00f4tel Portobello. Un membre de notre \u00e9quipe vous contactera sous peu.<\/p>\n                <\/div>\n            \n            \n            \n                    <\/div>\n\n    <\/div>\n\n    \n    \n    \n<\/div>\n\n<\/div><\/div><\/div><\/div><div id=\"pg-3074-2\"  class=\"panel-grid panel-has-style\" ><div class=\"c-row--valign-default c-row--widget-default c-row--margin-small c-row--column-default panel-row-style panel-row-style-for-3074-2\" ><div id=\"pgc-3074-2-0\"  class=\"panel-grid-cell\" ><div id=\"panel-3074-2-0-0\" class=\"so-panel widget widget_cn-core-cta-widget panel-first-child panel-last-child\" data-index=\"2\" ><div\n\t\t\t\n\t\t\tclass=\"so-widget-cn-core-cta-widget so-widget-cn-core-cta-widget-base\"\n\t\t\t\n\t\t><div class=\"c-cta c-cta--layout-tile no-variation has-background\">\n\n    <div class=\"c-cta__content\">\n\n        <div class=\"c-cta__inner\">\n\n                            <a href=\"https:\/\/www.portobellohotel.com\/fr\/rooms\/\" class=\"c-cta__anchor\">\n            \n            \n            \n            \n                <div class=\"c-cta__headings\">\n\n                \n                                    <h2 class=\"c-cta__heading\">\n                        H\u00e9bergement                    <\/h2>\n                \n                \n                <\/div>\n\n            \n            \n                            <\/a>\n            \n            \n            \n            \n                    <\/div>\n\n    <\/div>\n\n    \n            <div data-src=\"https:\/\/hotelcms-production.imgix.net\/portobellohotel.com\/wp-content\/uploads\/2018\/12\/PortobelloAF6A0693stack.jpg\" data-crop=\"\" class=\"imgix-fluid  crop \/ c-background c-cta__background\"><\/div><noscript><div style=\"background-image: url(https:\/\/hotelcms-production.imgix.net\/portobellohotel.com\/wp-content\/uploads\/2018\/12\/PortobelloAF6A0693stack.jpg);\" class=\"crop \/ c-background c-cta__background\" ><\/div><\/noscript>    \n            <a href=\"https:\/\/www.portobellohotel.com\/fr\/rooms\/\" class=\"c-cta__detached-anchor\"><\/a>\n    \n<\/div>\n\n<\/div><\/div><\/div><div id=\"pgc-3074-2-1\"  class=\"panel-grid-cell\" ><div id=\"panel-3074-2-1-0\" class=\"so-panel widget widget_cn-core-cta-widget panel-first-child panel-last-child\" data-index=\"3\" ><div\n\t\t\t\n\t\t\tclass=\"so-widget-cn-core-cta-widget so-widget-cn-core-cta-widget-base\"\n\t\t\t\n\t\t><div class=\"c-cta c-cta--layout-tile no-variation has-background\">\n\n    <div class=\"c-cta__content\">\n\n        <div class=\"c-cta__inner\">\n\n                            <a href=\"https:\/\/www.portobellohotel.com\/fr\/gallery\/\" class=\"c-cta__anchor\">\n            \n            \n            \n            \n                <div class=\"c-cta__headings\">\n\n                \n                                    <h2 class=\"c-cta__heading\">\n                        Galerie                    <\/h2>\n                \n                \n                <\/div>\n\n            \n            \n                            <\/a>\n            \n            \n            \n            \n                    <\/div>\n\n    <\/div>\n\n    \n            <div data-src=\"https:\/\/hotelcms-production.imgix.net\/portobellohotel.com\/wp-content\/uploads\/2018\/12\/Portobello_SP_6345.jpg\" data-crop=\"\" class=\"imgix-fluid  crop \/ c-background c-cta__background\"><\/div><noscript><div style=\"background-image: url(https:\/\/hotelcms-production.imgix.net\/portobellohotel.com\/wp-content\/uploads\/2018\/12\/Portobello_SP_6345.jpg);\" class=\"crop \/ c-background c-cta__background\" ><\/div><\/noscript>    \n            <a href=\"https:\/\/www.portobellohotel.com\/fr\/gallery\/\" class=\"c-cta__detached-anchor\"><\/a>\n    \n<\/div>\n\n<\/div><\/div><\/div><div id=\"pgc-3074-2-2\"  class=\"panel-grid-cell\" ><div id=\"panel-3074-2-2-0\" class=\"so-panel widget widget_cn-core-cta-widget panel-first-child panel-last-child\" data-index=\"4\" ><div\n\t\t\t\n\t\t\tclass=\"so-widget-cn-core-cta-widget so-widget-cn-core-cta-widget-base\"\n\t\t\t\n\t\t><div class=\"c-cta c-cta--layout-tile no-variation has-background\">\n\n    <div class=\"c-cta__content\">\n\n        <div class=\"c-cta__inner\">\n\n                            <a href=\"https:\/\/www.portobellohotel.com\/fr\/are-you-curious\/\" class=\"c-cta__anchor\">\n            \n            \n            \n            \n                <div class=\"c-cta__headings\">\n\n                \n                                    <h2 class=\"c-cta__heading\">\n                        \u00cates-vous curieux ?                    <\/h2>\n                \n                \n                <\/div>\n\n            \n            \n                            <\/a>\n            \n            \n            \n            \n                    <\/div>\n\n    <\/div>\n\n    \n            <div data-src=\"https:\/\/hotelcms-production.imgix.net\/portobellohotel.com\/wp-content\/uploads\/2018\/12\/Portobello_SP_6079.jpg\" data-crop=\"\" class=\"imgix-fluid  crop \/ c-background c-cta__background\"><\/div><noscript><div style=\"background-image: url(https:\/\/hotelcms-production.imgix.net\/portobellohotel.com\/wp-content\/uploads\/2018\/12\/Portobello_SP_6079.jpg);\" class=\"crop \/ c-background c-cta__background\" ><\/div><\/noscript>    \n            <a href=\"https:\/\/www.portobellohotel.com\/fr\/are-you-curious\/\" class=\"c-cta__detached-anchor\"><\/a>\n    \n<\/div>\n\n<\/div><\/div><\/div><\/div><\/div><\/div>","protected":false},"excerpt":{"rendered":"<p>Merci Merci de nous avoir contact\u00e9s ici \u00e0 l&#8217;h\u00f4tel Portobello. Un membre de notre \u00e9quipe vous contactera sous peu. H\u00e9bergement Galerie \u00cates-vous curieux ?<\/p>\n","protected":false},"author":2,"featured_media":0,"parent":3073,"menu_order":0,"comment_status":"closed","ping_status":"closed","template":"","meta":{"_acf_changed":false,"footnotes":""},"class_list":["post--3074","post--page","post--type-page","post--status-publish","post--hentry"],"acf":[],"_links":{"self":[{"href":"https:\/\/www.portobellohotel.com\/fr\/wp-json\/wp\/v2\/pages\/3074","targetHints":{"allow":["GET"]}}],"collection":[{"href":"https:\/\/www.portobellohotel.com\/fr\/wp-json\/wp\/v2\/pages"}],"about":[{"href":"https:\/\/www.portobellohotel.com\/fr\/wp-json\/wp\/v2\/types\/page"}],"author":[{"embeddable":true,"href":"https:\/\/www.portobellohotel.com\/fr\/wp-json\/wp\/v2\/users\/2"}],"replies":[{"embeddable":true,"href":"https:\/\/www.portobellohotel.com\/fr\/wp-json\/wp\/v2\/comments?post=3074"}],"version-history":[{"count":3,"href":"https:\/\/www.portobellohotel.com\/fr\/wp-json\/wp\/v2\/pages\/3074\/revisions"}],"predecessor-version":[{"id":3261,"href":"https:\/\/www.portobellohotel.com\/fr\/wp-json\/wp\/v2\/pages\/3074\/revisions\/3261"}],"up":[{"embeddable":true,"href":"https:\/\/www.portobellohotel.com\/fr\/wp-json\/wp\/v2\/pages\/3073"}],"wp:attachment":[{"href":"https:\/\/www.portobellohotel.com\/fr\/wp-json\/wp\/v2\/media?parent=3074"}],"curies":[{"name":"wp","href":"https:\/\/api.w.org\/{rel}","templated":true}]}}