{"id":3077,"date":"2018-11-02T12:31:27","date_gmt":"2018-11-02T12:31:27","guid":{"rendered":"https:\/\/portobellohotel.testingcreative.co.uk\/cookies-policy\/"},"modified":"2025-03-05T13:32:02","modified_gmt":"2025-03-05T13:32:02","slug":"cookies-policy","status":"publish","type":"page","link":"https:\/\/www.portobellohotel.com\/fr\/cookies-policy\/","title":{"rendered":"Cookies Policy FR"},"content":{"rendered":"<div id=\"pl-3077\"  class=\"panel-layout\" ><div id=\"pg-3077-0\"  class=\"panel-grid panel-has-style\" ><div class=\"c-row--valign-default c-row--widget-default c-row--margin-default c-row--column-default siteorigin-panels-stretch panel-row-style panel-row-style-for-3077-0\" data-stretch-type=\"full-width-stretch\" ><div id=\"pgc-3077-0-0\"  class=\"panel-grid-cell\" ><div id=\"panel-3077-0-0-0\" class=\"so-panel widget widget_cn-core-hero-widget panel-first-child panel-last-child\" data-index=\"0\" ><div\n\t\t\t\n\t\t\tclass=\"so-widget-cn-core-hero-widget so-widget-cn-core-hero-widget-base\"\n\t\t\t\n\t\t><section class=\"c-hero c-hero--short\">\n    <div class=\"c-hero__inner\">\n        \n        <div class=\"c-hero__content\">\n\n                            <h1 class=\"c-hero__heading\">\n                    Date d'entr\u00e9e en vigueur : avril 2025                <\/h1>\n            \n                            <p class=\"c-hero__subheading\">\n                    Avis relatif aux cookies                <\/p>\n                    <\/div>\n\n        \n    <\/div>\n\n\n\n    \n    \n    <div data-src=\"https:\/\/hotelcms-production.imgix.net\/portobellohotel.com\/wp-content\/uploads\/2018\/11\/Portobello-Hotel-\u00a9-Amy-Murrell-2013-31.jpg\" data-crop=\"\" class=\"imgix-fluid  crop \/ c-hero__background\"><\/div><noscript><div style=\"background-image: url(https:\/\/hotelcms-production.imgix.net\/portobellohotel.com\/wp-content\/uploads\/2018\/11\/Portobello-Hotel-\u00a9-Amy-Murrell-2013-31.jpg);\" class=\"crop \/ c-hero__background\" ><\/div><\/noscript>\n    \n    <\/section>\n<\/div><\/div><\/div><\/div><\/div><div id=\"pg-3077-1\"  class=\"panel-grid panel-no-style\" ><div id=\"pgc-3077-1-0\"  class=\"panel-grid-cell\" ><div id=\"panel-3077-1-0-0\" class=\"so-panel widget widget_cn-core-text-widget panel-first-child panel-last-child\" data-index=\"1\" ><div\n\t\t\t\n\t\t\tclass=\"so-widget-cn-core-text-widget so-widget-cn-core-text-widget-base\"\n\t\t\t\n\t\t>\n<div class=\"c-text no-variation\" >\n\n    \n    \n    \n    <div class=\"c-text__content s-entry\">\n        <h2>Avis relatif aux cookies de WebDirect<\/h2>\n<p>Date d'entr\u00e9e en vigueur : 2 avril 2025<\/p>\n<p>Le pr\u00e9sent avis relatif aux cookies s'applique \u00e0 <a href=\"http:\/\/www.portobellohotel.com\">www.portobellohotel.com<\/a>, d\u00e9tenu et exploit\u00e9 par The Portobello Hotel, et d\u00e9crit la mani\u00e8re dont nous utilisons les donn\u00e9es personnelles collect\u00e9es par le biais de cookies et d'autres techniques, y compris les pixels (les \u00ab cookies \u00bb) sur notre site web <a href=\"http:\/\/www.portobellohotel.com\">www.portobellohotel.com<\/a> (le \u00ab site \u00bb).<\/p>\n<h3>Collecte de donn\u00e9es<\/h3>\n<p>Lorsque vous acc\u00e9dez au site ou consultez nos publicit\u00e9s cibl\u00e9es, nous collectons automatiquement des donn\u00e9es \u00e0 l'aide de cookies.<\/p>\n<p>Les types d'informations que nous collectons par le biais des cookies comprennent l'adresse IP, l'identifiant de l'appareil, les pages consult\u00e9es, les informations de navigation, le type de navigateur, le syst\u00e8me d'exploitation, le fournisseur d'acc\u00e8s \u00e0 Internet, l'horodatage, l'URL de r\u00e9f\u00e9rence et les donn\u00e9es de localisation en fonction de l'appareil que vous utilisez.<\/p>\n<p>Plus d'informations sur les cookies : les cookies sont de petits \u00e9l\u00e9ments d'information \u00e9lectronique qu'un site web envoie au navigateur d'un visiteur et qui sont stock\u00e9s sur le disque dur de ce dernier. Nous pla\u00e7ons des cookies sur votre ordinateur si vous visitez notre site Web. Si vous \u00eates pr\u00e9occup\u00e9 par la pr\u00e9sence de cookies sur votre appareil, vous pouvez configurer votre navigateur pour qu'il refuse tous les cookies ou pour qu'il vous indique quand un cookie est plac\u00e9, vous permettant ainsi de d\u00e9cider de l'accepter ou non. Vous pouvez \u00e9galement supprimer les cookies de votre appareil. Toutefois, si vous choisissez de bloquer ou de supprimer les cookies, certaines fonctionnalit\u00e9s des sites Web que vous visitez peuvent ne pas fonctionner correctement.<\/p>\n<p>Plus d'informations sur les balises pixel : Les pixels (\u00e9galement appel\u00e9s \u00ab balises web \u00bb ou \u00ab GIF invisibles \u00bb) sont des fichiers \u00e9lectroniques qui consistent g\u00e9n\u00e9ralement en une image d'un seul pixel et peuvent \u00eatre int\u00e9gr\u00e9s dans une page web ou dans un e-mail pour envoyer des informations, comme une newsletter. Nous pouvons utiliser des pixels pour placer ou reconna\u00eetre un cookie sur votre appareil si vous utilisez nos services.<\/p>\n<p>Cookies tiers : Nous autorisons certains tiers \u00e0 placer des Cookies. Si vous avez des questions sur les Cookies utilis\u00e9s et sur les parties qui placent ces Cookies, veuillez nous contacter en utilisant les coordonn\u00e9es indiqu\u00e9es ci-dessous.<\/p>\n<h3>Finalit\u00e9s du traitement<\/h3>\n<p>Nous utilisons vos informations, y compris les donn\u00e9es personnelles, collect\u00e9es par le biais des Cookies aux fins suivantes :<\/p>\n<ul>\n<li>A. Fournir l'utilisation de notre Site : Nous utilisons les informations que nous collectons par le biais des Cookies pour vous permettre d'utiliser le Site. Il est dans notre int\u00e9r\u00eat commercial l\u00e9gitime d'utiliser des cookies \u00e0 cette fin.<\/li>\n<li>B. Effectuer des analyses sur l'utilisation de nos services : Nous utilisons les informations que nous recueillons par le biais des cookies pour analyser la mani\u00e8re dont notre site est utilis\u00e9 et pour pr\u00e9parer des rapports sur l'utilisation de notre site. Nous utilisons \u00e9galement des cookies pour suivre votre utilisation du site et pour am\u00e9liorer votre exp\u00e9rience utilisateur et la qualit\u00e9 du site. Il est dans notre int\u00e9r\u00eat commercial l\u00e9gitime d'utiliser des cookies \u00e0 ces fins.<\/li>\n<li>C. Fournir des publicit\u00e9s cibl\u00e9es : Nous utilisons les informations que nous collectons par le biais des Cookies pour poursuivre nos int\u00e9r\u00eats l\u00e9gitimes en fournissant des publicit\u00e9s cibl\u00e9es. Le cas \u00e9ch\u00e9ant, nous obtiendrons votre consentement pr\u00e9alable avant d'installer des Cookies \u00e0 cette fin. Si vous donnez votre consentement, vous pouvez le retirer \u00e0 tout moment. En outre, vous pouvez vous opposer \u00e0 tout moment au traitement de vos donn\u00e9es personnelles \u00e0 des fins publicitaires.<\/li>\n<li>D. \u00c9tudes de march\u00e9 : Nous utilisons les informations que nous collectons par le biais des Cookies pour poursuivre nos int\u00e9r\u00eats l\u00e9gitimes en mati\u00e8re d'\u00e9tudes de march\u00e9 (telles que l'analyse de la segmentation ou des tendances du march\u00e9, des pr\u00e9f\u00e9rences et des comportements, la recherche sur les produits ou les services, ou l'efficacit\u00e9 du marketing ou de la publicit\u00e9) ou de d\u00e9veloppement de produits (telles que l'analyse des caract\u00e9ristiques d'un segment de march\u00e9 ou d'un groupe de clients ou des performances de notre Site, afin d'am\u00e9liorer notre Site).<\/li>\n<\/ul>\n<p>Si vous souhaitez refuser l'utilisation des Cookies d\u00e9crite dans cette section et qu'aucun m\u00e9canisme de refus ne vous est propos\u00e9 directement (dans les param\u00e8tres de votre navigateur par exemple), veuillez contacter <a href=\"mailto:stay@portobellohotel.com\">stay@portobellohotel.com<\/a><\/p>\n<h3>Partage des donn\u00e9es<\/h3>\n<ul>\n<li><u>BookingSuite :<\/u> Vos donn\u00e9es personnelles peuvent \u00eatre partag\u00e9es avec BookingSuite B.V., situ\u00e9e \u00e0 Herengracht 597, 1017 CE Amsterdam, Pays-Bas, la soci\u00e9t\u00e9 qui exploite le site Web suite.booking.com.<\/li>\n<li><u>Partage avec des tiers :<\/u> Nous partageons vos donn\u00e9es personnelles avec des tiers dans la mesure permise par la loi et comme d\u00e9crit ci-dessous, tels que les prestataires de services agissant en notre nom. Nous ne vendons ni ne louons vos donn\u00e9es personnelles.<\/li>\n<li><u>Autorit\u00e9s comp\u00e9tentes :<\/u> Nous divulguons des donn\u00e9es personnelles aux autorit\u00e9s charg\u00e9es de l'application de la loi et \u00e0 d'autres autorit\u00e9s gouvernementales dans la mesure o\u00f9 la loi l'exige ou si cela est strictement n\u00e9cessaire pour la pr\u00e9vention, la d\u00e9tection ou la poursuite d'actes criminels et de fraudes.<\/li>\n<\/ul>\n<h3>Conservation des donn\u00e9es<\/h3>\n<p>Il existe une diff\u00e9rence entre les cookies de session et les cookies permanents. Les cookies de session n'existent que jusqu'\u00e0 ce que vous fermiez votre navigateur. Les cookies permanents ont une dur\u00e9e de vie plus longue et ne sont pas automatiquement supprim\u00e9s lorsque vous fermez votre navigateur. Nous nous effor\u00e7ons de placer des cookies ou d'autoriser le placement de cookies ayant une dur\u00e9e de vie maximale de 5 ans. Ce n'est que dans des circonstances exceptionnelles, par exemple pour des raisons de s\u00e9curit\u00e9 (comme la d\u00e9tection de fraude) et lorsque cela est absolument n\u00e9cessaire, qu'un cookie aura une dur\u00e9e de vie plus longue. Si vous avez des questions sur des p\u00e9riodes de conservation sp\u00e9cifiques, veuillez nous contacter en utilisant les coordonn\u00e9es indiqu\u00e9es ci-dessous.<\/p>\n<h3>Questions ou r\u00e9clamations<\/h3>\n<p>Si vous avez des questions sur le traitement de vos donn\u00e9es personnelles ou souhaitez exercer vos droits dans le cadre de cette charte, vous pouvez nous contacter \u00e0 ces coordonn\u00e9es : <a href=\"mailto:stay@portobellohotel.com\">stay@portobellohotel.com<\/a>.<\/p>\n<p>Vous pouvez \u00e9galement envoyer vos questions et r\u00e9clamations \u00e0 l'autorit\u00e9 locale comp\u00e9tente en mati\u00e8re de protection des donn\u00e9es.<\/p>\n<h3>Modifications de la charte<\/h3>\n<p>Tout comme notre activit\u00e9 \u00e9volue constamment, la pr\u00e9sente D\u00e9claration relative aux cookies sera \u00e9galement modifi\u00e9e de temps \u00e0 autre. Si vous souhaitez consulter les modifications apport\u00e9es \u00e0 la pr\u00e9sente D\u00e9claration relative aux cookies, nous vous invitons \u00e0 acc\u00e9der \u00e0 cette D\u00e9claration relative aux cookies pour voir les modifications.<\/p>\n    <\/div>\n\n<\/div>\n<\/div><\/div><\/div><\/div><\/div>","protected":false},"excerpt":{"rendered":"<p>Date d&#8217;entr\u00e9e en vigueur : avril 2025 Avis relatif aux cookies Avis relatif aux cookies de WebDirect Date d&#8217;entr\u00e9e en vigueur : 2 avril 2025 Le pr\u00e9sent avis relatif aux cookies s&#8217;applique \u00e0 www.portobellohotel.com, d\u00e9tenu et exploit\u00e9 par The Portobello Hotel, et d\u00e9crit la mani\u00e8re dont nous utilisons les donn\u00e9es personnelles collect\u00e9es par le biais &hellip;<\/p>\n","protected":false},"author":2,"featured_media":0,"parent":0,"menu_order":10,"comment_status":"closed","ping_status":"closed","template":"","meta":{"_acf_changed":false,"footnotes":""},"class_list":["post--3077","post--page","post--type-page","post--status-publish","post--hentry"],"acf":[],"_links":{"self":[{"href":"https:\/\/www.portobellohotel.com\/fr\/wp-json\/wp\/v2\/pages\/3077","targetHints":{"allow":["GET"]}}],"collection":[{"href":"https:\/\/www.portobellohotel.com\/fr\/wp-json\/wp\/v2\/pages"}],"about":[{"href":"https:\/\/www.portobellohotel.com\/fr\/wp-json\/wp\/v2\/types\/page"}],"author":[{"embeddable":true,"href":"https:\/\/www.portobellohotel.com\/fr\/wp-json\/wp\/v2\/users\/2"}],"replies":[{"embeddable":true,"href":"https:\/\/www.portobellohotel.com\/fr\/wp-json\/wp\/v2\/comments?post=3077"}],"version-history":[{"count":3,"href":"https:\/\/www.portobellohotel.com\/fr\/wp-json\/wp\/v2\/pages\/3077\/revisions"}],"predecessor-version":[{"id":3267,"href":"https:\/\/www.portobellohotel.com\/fr\/wp-json\/wp\/v2\/pages\/3077\/revisions\/3267"}],"wp:attachment":[{"href":"https:\/\/www.portobellohotel.com\/fr\/wp-json\/wp\/v2\/media?parent=3077"}],"curies":[{"name":"wp","href":"https:\/\/api.w.org\/{rel}","templated":true}]}}